{"id":607,"date":"2023-02-03T20:00:53","date_gmt":"2023-02-04T01:00:53","guid":{"rendered":"https:\/\/34.135.225.194\/?page_id=607"},"modified":"2025-07-23T09:22:02","modified_gmt":"2025-07-23T14:22:02","slug":"tejidos-de-filtracion","status":"publish","type":"page","link":"https:\/\/textilesomnes.com\/en\/productos\/tejidos-de-filtracion\/","title":{"rendered":"Filtration Fabrics"},"content":{"rendered":"<div data-elementor-type=\"wp-page\" data-elementor-id=\"607\" class=\"elementor elementor-607\">\n\t\t\t\t\t\t<section class=\"elementor-section elementor-top-section elementor-element elementor-element-5d56eb5 elementor-section-height-full elementor-section-boxed elementor-section-height-default elementor-section-items-middle\" data-id=\"5d56eb5\" data-element_type=\"section\" data-e-type=\"section\" data-settings=\"{&quot;background_background&quot;:&quot;classic&quot;}\">\n\t\t\t\t\t\t<div class=\"elementor-container elementor-column-gap-default\">\n\t\t\t\t\t<div class=\"elementor-column elementor-col-100 elementor-top-column elementor-element elementor-element-2f4a058\" data-id=\"2f4a058\" data-element_type=\"column\" data-e-type=\"column\">\n\t\t\t<div class=\"elementor-widget-wrap elementor-element-populated\">\n\t\t\t\t\t\t<div class=\"elementor-element elementor-element-29fe40b elementor-widget elementor-widget-spacer\" data-id=\"29fe40b\" data-element_type=\"widget\" data-e-type=\"widget\" data-widget_type=\"spacer.default\">\n\t\t\t\t<div class=\"elementor-widget-container\">\n\t\t\t\t\t\t\t<div class=\"elementor-spacer\">\n\t\t\t<div class=\"elementor-spacer-inner\"><\/div>\n\t\t<\/div>\n\t\t\t\t\t\t<\/div>\n\t\t\t\t<\/div>\n\t\t\t\t<section class=\"elementor-section elementor-inner-section elementor-element elementor-element-ed829fd elementor-section-boxed elementor-section-height-default elementor-section-height-default\" data-id=\"ed829fd\" data-element_type=\"section\" data-e-type=\"section\">\n\t\t\t\t\t\t<div class=\"elementor-container elementor-column-gap-default\">\n\t\t\t\t\t<div class=\"elementor-column elementor-col-50 elementor-inner-column elementor-element elementor-element-746eb96\" data-id=\"746eb96\" data-element_type=\"column\" data-e-type=\"column\">\n\t\t\t<div class=\"elementor-widget-wrap elementor-element-populated\">\n\t\t\t\t\t\t<div class=\"elementor-element elementor-element-5263b79 elementor-hidden-desktop elementor-widget elementor-widget-spacer\" data-id=\"5263b79\" data-element_type=\"widget\" data-e-type=\"widget\" data-widget_type=\"spacer.default\">\n\t\t\t\t<div class=\"elementor-widget-container\">\n\t\t\t\t\t\t\t<div class=\"elementor-spacer\">\n\t\t\t<div class=\"elementor-spacer-inner\"><\/div>\n\t\t<\/div>\n\t\t\t\t\t\t<\/div>\n\t\t\t\t<\/div>\n\t\t\t\t<div class=\"elementor-element elementor-element-72742c4 elementor-widget__width-inherit elementor-widget elementor-widget-heading\" data-id=\"72742c4\" data-element_type=\"widget\" data-e-type=\"widget\" data-widget_type=\"heading.default\">\n\t\t\t\t<div class=\"elementor-widget-container\">\n\t\t\t\t\t<h1 class=\"elementor-heading-title elementor-size-default\">Filtration Fabrics<\/h1>\t\t\t\t<\/div>\n\t\t\t\t<\/div>\n\t\t\t\t<div class=\"elementor-element elementor-element-d20a9cd elementor-widget elementor-widget-text-editor\" data-id=\"d20a9cd\" data-element_type=\"widget\" data-e-type=\"widget\" data-widget_type=\"text-editor.default\">\n\t\t\t\t<div class=\"elementor-widget-container\">\n\t\t\t\t\t\t\t\t\t<p>.<br \/>.<\/p>\t\t\t\t\t\t\t\t<\/div>\n\t\t\t\t<\/div>\n\t\t\t\t\t<\/div>\n\t\t<\/div>\n\t\t\t\t<div class=\"elementor-column elementor-col-50 elementor-inner-column elementor-element elementor-element-14d8ca5\" data-id=\"14d8ca5\" data-element_type=\"column\" data-e-type=\"column\">\n\t\t\t<div class=\"elementor-widget-wrap\">\n\t\t\t\t\t\t\t<\/div>\n\t\t<\/div>\n\t\t\t\t\t<\/div>\n\t\t<\/section>\n\t\t\t\t<div class=\"elementor-element elementor-element-478ea90 elementor-view-default elementor-widget elementor-widget-icon\" data-id=\"478ea90\" data-element_type=\"widget\" data-e-type=\"widget\" data-widget_type=\"icon.default\">\n\t\t\t\t<div class=\"elementor-widget-container\">\n\t\t\t\t\t\t\t<div class=\"elementor-icon-wrapper\">\n\t\t\t<a class=\"elementor-icon\" href=\"https:\/\/textilesomnes.com\/en\/tejidos-de-filtracion\/#tejido-filtracion\">\n\t\t\t<svg xmlns=\"http:\/\/www.w3.org\/2000\/svg\" width=\"80\" height=\"80\" viewbox=\"0 0 80 80\"><g id=\"Grupo_8\" data-name=\"Grupo 8\" transform=\"translate(-986 -850)\"><g id=\"Elipse_2\" data-name=\"Elipse 2\" transform=\"translate(1066 850) rotate(90)\" fill=\"none\" stroke=\"#fff\" stroke-width=\"1\"><circle cx=\"40\" cy=\"40\" r=\"40\" stroke=\"none\"><\/circle><circle cx=\"40\" cy=\"40\" r=\"39.5\" fill=\"none\"><\/circle><\/g><path id=\"Trazado_8\" data-name=\"Trazado 8\" d=\"M14.708,0l-1.5,1.5,14.74,14.739H0v2.137H27.952L13.212,33.11l1.5,1.5,17.3-17.3Z\" transform=\"translate(1043.303 874.354) rotate(90)\" fill=\"#fff\"><\/path><\/g><\/svg>\t\t\t<\/a>\n\t\t<\/div>\n\t\t\t\t\t\t<\/div>\n\t\t\t\t<\/div>\n\t\t\t\t<div class=\"elementor-element elementor-element-1e53323 elementor-widget elementor-widget-text-editor\" data-id=\"1e53323\" data-element_type=\"widget\" data-e-type=\"widget\" data-widget_type=\"text-editor.default\">\n\t\t\t\t<div class=\"elementor-widget-container\">\n\t\t\t\t\t\t\t\t\t<span style=\"color: #ffffff;\"><a style=\"color: #ffffff;\" href=\"https:\/\/textilesomnes.com\/en\/\">Home <\/a>&gt; <a style=\"color: #ffffff;\" href=\"https:\/\/textilesomnes.com\/en\/productos\/\">Products<\/a> &gt;<span style=\"color: #dfc38b;\"><a style=\"color: #dfc38b;\" href=\"https:\/\/textilesomnes.com\/en\/tejidos-de-filtracion\/\"> Filtration fabrics<\/a><\/span><\/span>\t\t\t\t\t\t\t\t<\/div>\n\t\t\t\t<\/div>\n\t\t\t\t\t<\/div>\n\t\t<\/div>\n\t\t\t\t\t<\/div>\n\t\t<\/section>\n\t\t\t\t<section class=\"elementor-section elementor-top-section elementor-element elementor-element-405c184 elementor-section-full_width elementor-hidden-mobile elementor-section-height-default elementor-section-height-default\" data-id=\"405c184\" data-element_type=\"section\" data-e-type=\"section\" id=\"tejido-filtracion\" data-settings=\"{&quot;background_background&quot;:&quot;classic&quot;}\">\n\t\t\t\t\t\t<div class=\"elementor-container elementor-column-gap-no\">\n\t\t\t\t\t<div class=\"elementor-column elementor-col-50 elementor-top-column elementor-element elementor-element-b22214b\" data-id=\"b22214b\" data-element_type=\"column\" data-e-type=\"column\" data-settings=\"{&quot;background_background&quot;:&quot;classic&quot;}\">\n\t\t\t<div class=\"elementor-widget-wrap elementor-element-populated\">\n\t\t\t\t\t<div class=\"elementor-background-overlay\"><\/div>\n\t\t\t\t\t\t<section class=\"elementor-section elementor-inner-section elementor-element elementor-element-2ee1ab9 elementor-section-boxed elementor-section-height-default elementor-section-height-default\" data-id=\"2ee1ab9\" data-element_type=\"section\" data-e-type=\"section\" data-settings=\"{&quot;background_background&quot;:&quot;classic&quot;}\">\n\t\t\t\t\t\t<div class=\"elementor-container elementor-column-gap-default\">\n\t\t\t\t\t<div class=\"elementor-column elementor-col-100 elementor-inner-column elementor-element elementor-element-987de49\" data-id=\"987de49\" data-element_type=\"column\" data-e-type=\"column\" data-settings=\"{&quot;background_background&quot;:&quot;classic&quot;}\">\n\t\t\t<div class=\"elementor-widget-wrap elementor-element-populated\">\n\t\t\t\t\t\t<div class=\"elementor-element elementor-element-4cecf09 elementor-widget elementor-widget-spacer\" data-id=\"4cecf09\" data-element_type=\"widget\" data-e-type=\"widget\" data-widget_type=\"spacer.default\">\n\t\t\t\t<div class=\"elementor-widget-container\">\n\t\t\t\t\t\t\t<div class=\"elementor-spacer\">\n\t\t\t<div class=\"elementor-spacer-inner\"><\/div>\n\t\t<\/div>\n\t\t\t\t\t\t<\/div>\n\t\t\t\t<\/div>\n\t\t\t\t<div class=\"elementor-element elementor-element-12886a7 elementor-widget elementor-widget-heading\" data-id=\"12886a7\" data-element_type=\"widget\" data-e-type=\"widget\" data-widget_type=\"heading.default\">\n\t\t\t\t<div class=\"elementor-widget-container\">\n\t\t\t\t\t<h2 class=\"elementor-heading-title elementor-size-default\">Our fabrics are manufactured with Nylon (polyamide) 6, 6.6, texturized polyester or Spun polyester yarns.<\/h2>\t\t\t\t<\/div>\n\t\t\t\t<\/div>\n\t\t\t\t<div class=\"elementor-element elementor-element-2431cf9 elementor-widget elementor-widget-text-editor\" data-id=\"2431cf9\" data-element_type=\"widget\" data-e-type=\"widget\" data-widget_type=\"text-editor.default\">\n\t\t\t\t<div class=\"elementor-widget-container\">\n\t\t\t\t\t\t\t\t\t<p><strong>Product Information:<\/strong><\/p>\t\t\t\t\t\t\t\t<\/div>\n\t\t\t\t<\/div>\n\t\t\t\t<div class=\"elementor-element elementor-element-acb5d6f elementor-widget elementor-widget-text-editor\" data-id=\"acb5d6f\" data-element_type=\"widget\" data-e-type=\"widget\" data-widget_type=\"text-editor.default\">\n\t\t\t\t<div class=\"elementor-widget-container\">\n\t\t\t\t\t\t\t\t\t<p><strong>\u2713\u00a0 <\/strong>We manufacture these fabrics in a wide range of weights 100 - 600 Gr\/m2.<\/p><p><strong>\u2713\u00a0 <\/strong>We manufacture thermally stabilized fabrics up to 188cm - 74 inches wide.<\/p><p><strong>\u2713\u00a0 <\/strong>We manufacture raw fabrics up to 380 cm -149 inches wide.<\/p><p><strong>\u2713\u00a0 <\/strong>Our weaving types (weaves): twill, plain weave (1:1 2:2 3:1) and Oxford.<\/p><p><strong>\u2713\u00a0 <\/strong>We can manufacture fabrics with other fibers such as: polypropylene and cotton.\u00a0<\/p>\t\t\t\t\t\t\t\t<\/div>\n\t\t\t\t<\/div>\n\t\t\t\t<div class=\"elementor-element elementor-element-f348382 elementor-widget elementor-widget-spacer\" data-id=\"f348382\" data-element_type=\"widget\" data-e-type=\"widget\" data-widget_type=\"spacer.default\">\n\t\t\t\t<div class=\"elementor-widget-container\">\n\t\t\t\t\t\t\t<div class=\"elementor-spacer\">\n\t\t\t<div class=\"elementor-spacer-inner\"><\/div>\n\t\t<\/div>\n\t\t\t\t\t\t<\/div>\n\t\t\t\t<\/div>\n\t\t\t\t\t<\/div>\n\t\t<\/div>\n\t\t\t\t\t<\/div>\n\t\t<\/section>\n\t\t\t\t\t<\/div>\n\t\t<\/div>\n\t\t\t\t<div class=\"elementor-column elementor-col-50 elementor-top-column elementor-element elementor-element-a6cada0\" data-id=\"a6cada0\" data-element_type=\"column\" data-e-type=\"column\" data-settings=\"{&quot;background_background&quot;:&quot;classic&quot;}\">\n\t\t\t<div class=\"elementor-widget-wrap elementor-element-populated\">\n\t\t\t\t\t<div class=\"elementor-background-overlay\"><\/div>\n\t\t\t\t\t\t<div class=\"elementor-element elementor-element-a0fba87 elementor-widget elementor-widget-image\" data-id=\"a0fba87\" data-element_type=\"widget\" data-e-type=\"widget\" data-widget_type=\"image.default\">\n\t\t\t\t<div class=\"elementor-widget-container\">\n\t\t\t\t\t\t\t\t\t\t\t\t\t\t\t<img fetchpriority=\"high\" decoding=\"async\" width=\"730\" height=\"830\" src=\"https:\/\/textilesomnes.com\/wp-content\/uploads\/2023\/04\/Tejido-de-filtracion.jpg\" class=\"attachment-full size-full wp-image-3087\" alt=\"\" srcset=\"https:\/\/textilesomnes.com\/wp-content\/uploads\/2023\/04\/Tejido-de-filtracion.jpg 730w, https:\/\/textilesomnes.com\/wp-content\/uploads\/2023\/04\/Tejido-de-filtracion-264x300.jpg 264w, https:\/\/textilesomnes.com\/wp-content\/uploads\/2023\/04\/Tejido-de-filtracion-11x12.jpg 11w\" sizes=\"(max-width: 730px) 100vw, 730px\" \/>\t\t\t\t\t\t\t\t\t\t\t\t\t\t\t<\/div>\n\t\t\t\t<\/div>\n\t\t\t\t\t<\/div>\n\t\t<\/div>\n\t\t\t\t\t<\/div>\n\t\t<\/section>\n\t\t\t\t<section class=\"elementor-section elementor-top-section elementor-element elementor-element-9c79420 elementor-section-full_width elementor-hidden-desktop elementor-hidden-tablet elementor-section-height-default elementor-section-height-default\" data-id=\"9c79420\" data-element_type=\"section\" data-e-type=\"section\" id=\"tejido-filtracion\">\n\t\t\t\t\t\t<div class=\"elementor-container elementor-column-gap-no\">\n\t\t\t\t\t<div class=\"elementor-column elementor-col-50 elementor-top-column elementor-element elementor-element-ff280fd\" data-id=\"ff280fd\" data-element_type=\"column\" data-e-type=\"column\" data-settings=\"{&quot;background_background&quot;:&quot;classic&quot;}\">\n\t\t\t<div class=\"elementor-widget-wrap elementor-element-populated\">\n\t\t\t\t\t<div class=\"elementor-background-overlay\"><\/div>\n\t\t\t\t\t\t<div class=\"elementor-element elementor-element-f697aa2 elementor-widget elementor-widget-image\" data-id=\"f697aa2\" data-element_type=\"widget\" data-e-type=\"widget\" data-widget_type=\"image.default\">\n\t\t\t\t<div class=\"elementor-widget-container\">\n\t\t\t\t\t\t\t\t\t\t\t\t\t\t\t<img fetchpriority=\"high\" decoding=\"async\" width=\"730\" height=\"830\" src=\"https:\/\/textilesomnes.com\/wp-content\/uploads\/2023\/04\/Tejido-de-filtracion.jpg\" class=\"attachment-full size-full wp-image-3087\" alt=\"\" srcset=\"https:\/\/textilesomnes.com\/wp-content\/uploads\/2023\/04\/Tejido-de-filtracion.jpg 730w, https:\/\/textilesomnes.com\/wp-content\/uploads\/2023\/04\/Tejido-de-filtracion-264x300.jpg 264w, https:\/\/textilesomnes.com\/wp-content\/uploads\/2023\/04\/Tejido-de-filtracion-11x12.jpg 11w\" sizes=\"(max-width: 730px) 100vw, 730px\" \/>\t\t\t\t\t\t\t\t\t\t\t\t\t\t\t<\/div>\n\t\t\t\t<\/div>\n\t\t\t\t\t<\/div>\n\t\t<\/div>\n\t\t\t\t<div class=\"elementor-column elementor-col-50 elementor-top-column elementor-element elementor-element-79642c7\" data-id=\"79642c7\" data-element_type=\"column\" data-e-type=\"column\" data-settings=\"{&quot;background_background&quot;:&quot;classic&quot;}\">\n\t\t\t<div class=\"elementor-widget-wrap elementor-element-populated\">\n\t\t\t\t\t<div class=\"elementor-background-overlay\"><\/div>\n\t\t\t\t\t\t<section class=\"elementor-section elementor-inner-section elementor-element elementor-element-5be0537 elementor-section-boxed elementor-section-height-default elementor-section-height-default\" data-id=\"5be0537\" data-element_type=\"section\" data-e-type=\"section\" data-settings=\"{&quot;background_background&quot;:&quot;classic&quot;}\">\n\t\t\t\t\t\t<div class=\"elementor-container elementor-column-gap-default\">\n\t\t\t\t\t<div class=\"elementor-column elementor-col-100 elementor-inner-column elementor-element elementor-element-6c51a49\" data-id=\"6c51a49\" data-element_type=\"column\" data-e-type=\"column\" data-settings=\"{&quot;background_background&quot;:&quot;classic&quot;}\">\n\t\t\t<div class=\"elementor-widget-wrap elementor-element-populated\">\n\t\t\t\t\t\t<div class=\"elementor-element elementor-element-b322950 elementor-widget elementor-widget-spacer\" data-id=\"b322950\" data-element_type=\"widget\" data-e-type=\"widget\" data-widget_type=\"spacer.default\">\n\t\t\t\t<div class=\"elementor-widget-container\">\n\t\t\t\t\t\t\t<div class=\"elementor-spacer\">\n\t\t\t<div class=\"elementor-spacer-inner\"><\/div>\n\t\t<\/div>\n\t\t\t\t\t\t<\/div>\n\t\t\t\t<\/div>\n\t\t\t\t<div class=\"elementor-element elementor-element-44e37f3 elementor-widget elementor-widget-heading\" data-id=\"44e37f3\" data-element_type=\"widget\" data-e-type=\"widget\" data-widget_type=\"heading.default\">\n\t\t\t\t<div class=\"elementor-widget-container\">\n\t\t\t\t\t<h2 class=\"elementor-heading-title elementor-size-default\">Our fabrics are manufactured with Nylon (polyamide) 6, 6.6, texturized polyester or Spun polyester yarns.<\/h2>\t\t\t\t<\/div>\n\t\t\t\t<\/div>\n\t\t\t\t<div class=\"elementor-element elementor-element-13b655c elementor-widget elementor-widget-text-editor\" data-id=\"13b655c\" data-element_type=\"widget\" data-e-type=\"widget\" data-widget_type=\"text-editor.default\">\n\t\t\t\t<div class=\"elementor-widget-container\">\n\t\t\t\t\t\t\t\t\t<p><strong>Data sheet:<\/strong><\/p>\t\t\t\t\t\t\t\t<\/div>\n\t\t\t\t<\/div>\n\t\t\t\t<div class=\"elementor-element elementor-element-0fbdbab elementor-widget elementor-widget-text-editor\" data-id=\"0fbdbab\" data-element_type=\"widget\" data-e-type=\"widget\" data-widget_type=\"text-editor.default\">\n\t\t\t\t<div class=\"elementor-widget-container\">\n\t\t\t\t\t\t\t\t\t<p><strong>\u2713\u00a0 <\/strong>We manufacture these fabrics in a wide range of weights 100 - 600 Gr\/m2.<br \/><br \/><\/p><p><strong>\u2713\u00a0 <\/strong>We manufacture thermally stabilized fabrics up to 188cm - 74 inches wide.<br \/><br \/><\/p><p><strong>\u2713\u00a0 <\/strong>We manufacture raw fabrics up to 380 cm -149 inches wide.<br \/><br \/><\/p><p><strong>\u2713\u00a0 <\/strong>Our weaving types (weaves): twill, plain weave (1:1 2:2 3:1) and Oxford.<br \/><br \/><\/p><p><strong>\u2713\u00a0 <\/strong>We can manufacture fabrics with other fibers such as: polypropylene, aramid, fiberglass and cotton.\u00a0<\/p>\t\t\t\t\t\t\t\t<\/div>\n\t\t\t\t<\/div>\n\t\t\t\t<div class=\"elementor-element elementor-element-1f16f60 elementor-widget elementor-widget-spacer\" data-id=\"1f16f60\" data-element_type=\"widget\" data-e-type=\"widget\" data-widget_type=\"spacer.default\">\n\t\t\t\t<div class=\"elementor-widget-container\">\n\t\t\t\t\t\t\t<div class=\"elementor-spacer\">\n\t\t\t<div class=\"elementor-spacer-inner\"><\/div>\n\t\t<\/div>\n\t\t\t\t\t\t<\/div>\n\t\t\t\t<\/div>\n\t\t\t\t\t<\/div>\n\t\t<\/div>\n\t\t\t\t\t<\/div>\n\t\t<\/section>\n\t\t\t\t\t<\/div>\n\t\t<\/div>\n\t\t\t\t\t<\/div>\n\t\t<\/section>\n\t\t\t\t<section class=\"elementor-section elementor-top-section elementor-element elementor-element-6a08363 elementor-section-full_width elementor-section-height-default elementor-section-height-default\" data-id=\"6a08363\" data-element_type=\"section\" data-e-type=\"section\" data-settings=\"{&quot;background_background&quot;:&quot;classic&quot;}\">\n\t\t\t\t\t\t<div class=\"elementor-container elementor-column-gap-no\">\n\t\t\t\t\t<div class=\"elementor-column elementor-col-100 elementor-top-column elementor-element elementor-element-fdf8a06\" data-id=\"fdf8a06\" data-element_type=\"column\" data-e-type=\"column\">\n\t\t\t<div class=\"elementor-widget-wrap elementor-element-populated\">\n\t\t\t\t\t\t<div class=\"elementor-element elementor-element-c8c846b elementor-arrows-position-inside elementor-widget elementor-widget-image-carousel\" data-id=\"c8c846b\" data-element_type=\"widget\" data-e-type=\"widget\" data-settings=\"{&quot;slides_to_show&quot;:&quot;1&quot;,&quot;navigation&quot;:&quot;arrows&quot;,&quot;autoplay&quot;:&quot;yes&quot;,&quot;pause_on_hover&quot;:&quot;yes&quot;,&quot;pause_on_interaction&quot;:&quot;yes&quot;,&quot;autoplay_speed&quot;:5000,&quot;infinite&quot;:&quot;yes&quot;,&quot;effect&quot;:&quot;slide&quot;,&quot;speed&quot;:500}\" data-widget_type=\"image-carousel.default\">\n\t\t\t\t<div class=\"elementor-widget-container\">\n\t\t\t\t\t\t\t<div class=\"elementor-image-carousel-wrapper swiper\" role=\"region\" aria-roledescription=\"carousel\" aria-label=\"Carrusel de im\u00e1genes\" dir=\"ltr\">\n\t\t\t<div class=\"elementor-image-carousel swiper-wrapper\" aria-live=\"off\">\n\t\t\t\t\t\t\t\t<div class=\"swiper-slide\" role=\"group\" aria-roledescription=\"slide\" aria-label=\"1 de 5\"><figure class=\"swiper-slide-inner\"><img decoding=\"async\" class=\"swiper-slide-image\" src=\"https:\/\/textilesomnes.com\/wp-content\/uploads\/2025\/07\/foto-carrousel-textiles-omnes-16.webp\" alt=\"foto carrousel textiles omnes 16\" loading=\"lazy\" \/><\/figure><\/div><div class=\"swiper-slide\" role=\"group\" aria-roledescription=\"slide\" aria-label=\"2 de 5\"><figure class=\"swiper-slide-inner\"><img decoding=\"async\" class=\"swiper-slide-image\" src=\"https:\/\/textilesomnes.com\/wp-content\/uploads\/2025\/07\/foto-carrousel-textiles-omnes-19.webp\" alt=\"foto carrousel textiles omnes 19\" loading=\"lazy\" \/><\/figure><\/div><div class=\"swiper-slide\" role=\"group\" aria-roledescription=\"slide\" aria-label=\"3 de 5\"><figure class=\"swiper-slide-inner\"><img decoding=\"async\" class=\"swiper-slide-image\" src=\"https:\/\/textilesomnes.com\/wp-content\/uploads\/2025\/07\/foto-carrousel-textiles-omnes-8.webp\" alt=\"foto carrousel textiles omnes 8\" loading=\"lazy\" \/><\/figure><\/div><div class=\"swiper-slide\" role=\"group\" aria-roledescription=\"slide\" aria-label=\"4 de 5\"><figure class=\"swiper-slide-inner\"><img decoding=\"async\" class=\"swiper-slide-image\" src=\"https:\/\/textilesomnes.com\/wp-content\/uploads\/2025\/07\/foto-carrousel-textiles-omnes-4.webp\" alt=\"foto carrousel textiles omnes 4\" loading=\"lazy\" \/><\/figure><\/div><div class=\"swiper-slide\" role=\"group\" aria-roledescription=\"slide\" aria-label=\"5 de 5\"><figure class=\"swiper-slide-inner\"><img decoding=\"async\" class=\"swiper-slide-image\" src=\"https:\/\/textilesomnes.com\/wp-content\/uploads\/2025\/07\/foto-carrousel-textiles-omnes-18.webp\" alt=\"foto carrousel textiles omnes 18\" loading=\"lazy\" \/><\/figure><\/div>\t\t\t<\/div>\n\t\t\t\t\t\t\t\t\t\t\t\t<div class=\"elementor-swiper-button elementor-swiper-button-prev\" role=\"button\" tabindex=\"0\">\n\t\t\t\t\t\t<svg xmlns=\"http:\/\/www.w3.org\/2000\/svg\" xmlns:xlink=\"http:\/\/www.w3.org\/1999\/xlink\" id=\"Capa_1\" x=\"0px\" y=\"0px\" width=\"76px\" height=\"76px\" viewbox=\"0 0 76 76\" xml:space=\"preserve\"><g id=\"Grupo_3064\" transform=\"translate(-850.357 1062.357) rotate(-90)\">\t<g id=\"Elipse_2\" transform=\"translate(1062.357 850.357) rotate(90)\">\t\t<circle fill=\"none\" cx=\"38\" cy=\"38\" r=\"38\"><\/circle>\t\t<circle fill=\"none\" stroke=\"#FFFFFF\" cx=\"38\" cy=\"38\" r=\"37.5\"><\/circle>\t<\/g>\t<path id=\"Trazado_8\" fill=\"#FFFFFF\" d=\"M1007.768,889.257l1.435,1.433l14.131-14.132v26.8h2.049v-26.8l14.131,14.132l1.434-1.433  l-16.59-16.59L1007.768,889.257z\"><\/path><\/g><\/svg>\t\t\t\t\t<\/div>\n\t\t\t\t\t<div class=\"elementor-swiper-button elementor-swiper-button-next\" role=\"button\" tabindex=\"0\">\n\t\t\t\t\t\t<svg xmlns=\"http:\/\/www.w3.org\/2000\/svg\" width=\"76\" height=\"76\" viewbox=\"0 0 76 76\"><g id=\"Grupo_3064\" data-name=\"Grupo 3064\" transform=\"translate(-850.357 1062.357) rotate(-90)\"><g id=\"Elipse_2\" data-name=\"Elipse 2\" transform=\"translate(1062.357 850.357) rotate(90)\" fill=\"none\" stroke=\"#fff\" stroke-width=\"1\"><circle cx=\"38\" cy=\"38\" r=\"38\" stroke=\"none\"><\/circle><circle cx=\"38\" cy=\"38\" r=\"37.5\" fill=\"none\"><\/circle><\/g><path id=\"Trazado_8\" data-name=\"Trazado 8\" d=\"M14.1,0,12.668,1.434,26.8,15.565H0v2.049H26.8L12.668,31.745,14.1,33.179l16.59-16.59Z\" transform=\"translate(1040.946 873.356) rotate(90)\" fill=\"#fff\"><\/path><\/g><\/svg>\t\t\t\t\t<\/div>\n\t\t\t\t\n\t\t\t\t\t\t\t\t\t<\/div>\n\t\t\t\t\t\t<\/div>\n\t\t\t\t<\/div>\n\t\t\t\t\t<\/div>\n\t\t<\/div>\n\t\t\t\t\t<\/div>\n\t\t<\/section>\n\t\t\t\t<\/div>","protected":false},"excerpt":{"rendered":"<p>Tejidos de Filtraci\u00f3n .. Inicio &gt; Productos &gt; Tejidos de filtraci\u00f3n Nuestros tejidos est\u00e1n fabricados con hilos de Nylon (poliamida) 6, 6.6, Poli\u00e9ster texturizado o poli\u00e9ster Spun. Informaci\u00f3n del producto: \u2713\u00a0 Fabricamos estos tejidos en un amplio rango de pesos 100 \u2013 600 Gr\/m2. \u2713\u00a0 Fabricamos tejidos estabilizados t\u00e9rmicamente hasta 188cm \u2013 74 pulgadas de [&hellip;]<\/p>\n","protected":false},"author":4,"featured_media":0,"parent":510,"menu_order":0,"comment_status":"closed","ping_status":"closed","template":"","meta":{"content-type":"","_monsterinsights_skip_tracking":false,"_monsterinsights_sitenote_active":false,"_monsterinsights_sitenote_note":"","_monsterinsights_sitenote_category":0,"site-sidebar-layout":"no-sidebar","site-content-layout":"page-builder","ast-site-content-layout":"full-width-container","site-content-style":"unboxed","site-sidebar-style":"unboxed","ast-global-header-display":"","ast-banner-title-visibility":"","ast-main-header-display":"","ast-hfb-above-header-display":"","ast-hfb-below-header-display":"","ast-hfb-mobile-header-display":"","site-post-title":"","ast-breadcrumbs-content":"","ast-featured-img":"","footer-sml-layout":"","ast-disable-related-posts":"","theme-transparent-header-meta":"disabled","adv-header-id-meta":"","stick-header-meta":"","header-above-stick-meta":"","header-main-stick-meta":"","header-below-stick-meta":"","astra-migrate-meta-layouts":"set","ast-page-background-enabled":"default","ast-page-background-meta":{"desktop":{"background-color":"var(--ast-global-color-4)","background-image":"","background-repeat":"repeat","background-position":"center center","background-size":"auto","background-attachment":"scroll","background-type":"","background-media":"","overlay-type":"","overlay-color":"","overlay-opacity":"","overlay-gradient":""},"tablet":{"background-color":"","background-image":"","background-repeat":"repeat","background-position":"center center","background-size":"auto","background-attachment":"scroll","background-type":"","background-media":"","overlay-type":"","overlay-color":"","overlay-opacity":"","overlay-gradient":""},"mobile":{"background-color":"","background-image":"","background-repeat":"repeat","background-position":"center center","background-size":"auto","background-attachment":"scroll","background-type":"","background-media":"","overlay-type":"","overlay-color":"","overlay-opacity":"","overlay-gradient":""}},"ast-content-background-meta":{"desktop":{"background-color":"var(--ast-global-color-5)","background-image":"","background-repeat":"repeat","background-position":"center center","background-size":"auto","background-attachment":"scroll","background-type":"","background-media":"","overlay-type":"","overlay-color":"","overlay-opacity":"","overlay-gradient":""},"tablet":{"background-color":"var(--ast-global-color-5)","background-image":"","background-repeat":"repeat","background-position":"center center","background-size":"auto","background-attachment":"scroll","background-type":"","background-media":"","overlay-type":"","overlay-color":"","overlay-opacity":"","overlay-gradient":""},"mobile":{"background-color":"var(--ast-global-color-5)","background-image":"","background-repeat":"repeat","background-position":"center center","background-size":"auto","background-attachment":"scroll","background-type":"","background-media":"","overlay-type":"","overlay-color":"","overlay-opacity":"","overlay-gradient":""}},"footnotes":""},"class_list":["post-607","page","type-page","status-publish","hentry"],"_links":{"self":[{"href":"https:\/\/textilesomnes.com\/en\/wp-json\/wp\/v2\/pages\/607","targetHints":{"allow":["GET"]}}],"collection":[{"href":"https:\/\/textilesomnes.com\/en\/wp-json\/wp\/v2\/pages"}],"about":[{"href":"https:\/\/textilesomnes.com\/en\/wp-json\/wp\/v2\/types\/page"}],"author":[{"embeddable":true,"href":"https:\/\/textilesomnes.com\/en\/wp-json\/wp\/v2\/users\/4"}],"replies":[{"embeddable":true,"href":"https:\/\/textilesomnes.com\/en\/wp-json\/wp\/v2\/comments?post=607"}],"version-history":[{"count":0,"href":"https:\/\/textilesomnes.com\/en\/wp-json\/wp\/v2\/pages\/607\/revisions"}],"up":[{"embeddable":true,"href":"https:\/\/textilesomnes.com\/en\/wp-json\/wp\/v2\/pages\/510"}],"wp:attachment":[{"href":"https:\/\/textilesomnes.com\/en\/wp-json\/wp\/v2\/media?parent=607"}],"curies":[{"name":"wp","href":"https:\/\/api.w.org\/{rel}","templated":true}]}}