{"id":569,"date":"2023-02-03T04:52:25","date_gmt":"2023-02-03T04:52:25","guid":{"rendered":"https:\/\/34.135.225.194\/?page_id=569"},"modified":"2025-07-14T15:03:11","modified_gmt":"2025-07-14T20:03:11","slug":"politica-de-datos","status":"publish","type":"page","link":"https:\/\/textilesomnes.com\/en\/politica-de-datos\/","title":{"rendered":"Pol\u00edtica de Tratamiento de Datos"},"content":{"rendered":"<div data-elementor-type=\"wp-page\" data-elementor-id=\"569\" class=\"elementor elementor-569\">\n\t\t\t\t\t\t<section class=\"elementor-section elementor-top-section elementor-element elementor-element-9a8c0cd elementor-section-boxed elementor-section-height-default elementor-section-height-default\" data-id=\"9a8c0cd\" data-element_type=\"section\" data-e-type=\"section\" data-settings=\"{&quot;background_background&quot;:&quot;classic&quot;}\">\n\t\t\t\t\t\t\t<div class=\"elementor-background-overlay\"><\/div>\n\t\t\t\t\t\t\t<div class=\"elementor-container elementor-column-gap-no\">\n\t\t\t\t\t<div class=\"elementor-column elementor-col-100 elementor-top-column elementor-element elementor-element-21531a7\" data-id=\"21531a7\" data-element_type=\"column\" data-e-type=\"column\">\n\t\t\t<div class=\"elementor-widget-wrap elementor-element-populated\">\n\t\t\t\t\t\t<div class=\"elementor-element elementor-element-1f7bff4 elementor-widget elementor-widget-heading\" data-id=\"1f7bff4\" data-element_type=\"widget\" data-e-type=\"widget\" data-widget_type=\"heading.default\">\n\t\t\t\t<div class=\"elementor-widget-container\">\n\t\t\t\t\t<h1 class=\"elementor-heading-title elementor-size-default\">Pol\u00edtica de Tratamiento de Datos<\/h1>\t\t\t\t<\/div>\n\t\t\t\t<\/div>\n\t\t\t\t<div class=\"elementor-element elementor-element-342633e elementor-widget__width-initial elementor-absolute elementor-view-default elementor-widget elementor-widget-icon\" data-id=\"342633e\" data-element_type=\"widget\" data-e-type=\"widget\" data-settings=\"{&quot;_position&quot;:&quot;absolute&quot;}\" data-widget_type=\"icon.default\">\n\t\t\t\t<div class=\"elementor-widget-container\">\n\t\t\t\t\t\t\t<div class=\"elementor-icon-wrapper\">\n\t\t\t<div class=\"elementor-icon\">\n\t\t\t<svg xmlns=\"http:\/\/www.w3.org\/2000\/svg\" width=\"80\" height=\"80\" viewbox=\"0 0 80 80\"><g id=\"Grupo_8\" data-name=\"Grupo 8\" transform=\"translate(-986 -850)\"><g id=\"Elipse_2\" data-name=\"Elipse 2\" transform=\"translate(1066 850) rotate(90)\" fill=\"none\" stroke=\"#fff\" stroke-width=\"1\"><circle cx=\"40\" cy=\"40\" r=\"40\" stroke=\"none\"><\/circle><circle cx=\"40\" cy=\"40\" r=\"39.5\" fill=\"none\"><\/circle><\/g><path id=\"Trazado_8\" data-name=\"Trazado 8\" d=\"M14.708,0l-1.5,1.5,14.74,14.739H0v2.137H27.952L13.212,33.11l1.5,1.5,17.3-17.3Z\" transform=\"translate(1043.303 874.354) rotate(90)\" fill=\"#fff\"><\/path><\/g><\/svg>\t\t\t<\/div>\n\t\t<\/div>\n\t\t\t\t\t\t<\/div>\n\t\t\t\t<\/div>\n\t\t\t\t\t<\/div>\n\t\t<\/div>\n\t\t\t\t\t<\/div>\n\t\t<\/section>\n\t\t\t\t<section class=\"elementor-section elementor-top-section elementor-element elementor-element-e0ad3dd elementor-section-boxed elementor-section-height-default elementor-section-height-default\" data-id=\"e0ad3dd\" data-element_type=\"section\" data-e-type=\"section\">\n\t\t\t\t\t\t<div class=\"elementor-container elementor-column-gap-default\">\n\t\t\t\t\t<div class=\"elementor-column elementor-col-100 elementor-top-column elementor-element elementor-element-56a9cd8\" data-id=\"56a9cd8\" data-element_type=\"column\" data-e-type=\"column\">\n\t\t\t<div class=\"elementor-widget-wrap elementor-element-populated\">\n\t\t\t\t\t\t<div class=\"elementor-element elementor-element-f228ca8 elementor-widget elementor-widget-text-editor\" data-id=\"f228ca8\" data-element_type=\"widget\" data-e-type=\"widget\" data-widget_type=\"text-editor.default\">\n\t\t\t\t<div class=\"elementor-widget-container\">\n\t\t\t\t\t\t\t\t\t<p>Dando cumplimiento a lo dispuesto en la Ley estatutaria 1581 de 2012 y a su Decreto Reglamentario 1377<br \/>de 2013, TEXTILES OMNES S.A. adopta la presente pol\u00edtica para el tratamiento de datos personales, la<br \/>cual ser\u00e1 informada a todos los titulares de los datos recolectados o que en el futuro se obtengan en el<br \/>ejercicio de las actividades comerciales o laborales de la empresa.<br \/>1. OBJECTIVE<br \/>La presente Pol\u00edtica tiene como objetivo establecer los criterios para la recolecci\u00f3n, almacenamiento,<br \/>uso,<br \/>circulaci\u00f3n y supresi\u00f3n de los datos personales tratados por TEXTILES OMNES S.A.<\/p><p><br \/>2. ALCANCE:<br \/>La Pol\u00edtica de Tratamiento y Protecci\u00f3n de Datos Personales presentada a continuaci\u00f3n, se aplicar\u00e1 a<br \/>todas las Bases de Datos y\/o Archivos que contengan datos personales y que sean objeto de tratamiento<br \/>por parte de TEXTILES OMNES S.A., considerado como responsable y\/o encargado del tratamiento de los<br \/>datos personales.<\/p><p><br \/>3. OBLIGATIONS<br \/>Esta pol\u00edtica es de obligatorio y estricto cumplimiento para TEXTILES OMNES S.A.<\/p><p><br \/>4. DATA CONTROLLER<br \/>TEXTILES OMNES S.A., sociedad comercial legalmente constituida, identificada con NIT 891.400.379-5,<br \/>con domicilio principal en la Carrera 16 No. 36-98, Dosquebradas, Risaralda &#8211; Colombia. Tel\u00e9fonos: +57<br \/>(06) 3228333. Correo electr\u00f3nico: servicioalcliente@textilesomnes.com. Sitio web:<br \/>www.textilesomnes.com.<\/p><p><br \/>5. TRATAMIENTO Y FINALIDAD<br \/>TEXTILES OMNES S.A.S actuando en calidad de Responsable del Tratamiento de Datos Personales, para<br \/>el adecuado desarrollo de sus actividades comerciales, as\u00ed como para el fortalecimiento de sus relaciones<br \/>con terceros, recolecta, almacena, usa, circula y suprime Datos Personales correspondientes a personas<br \/>naturales con quienes tiene o ha tenido relaci\u00f3n, tales como, sin que la enumeraci\u00f3n signifique limitaci\u00f3n,<br \/>trabajadores y familiares de \u00e9stos, accionistas, clientes, distribuidores, proveedores, acreedores y<br \/>deudores, para los siguientes prop\u00f3sitos o finalidades:<br \/>Generales:<br \/>\uf0b7 Controlar el acceso a las oficinas de TEXTILES OMNES S.A.S y establecer medidas de seguridad,<br \/>incluyendo el establecimiento de zonas video-vigiladas;<br \/>\uf0b7 Dar respuesta a consultas, peticiones, quejas y reclamos que sean realizadas por los Titulares y<br \/>organismos de control y trasmitir los Datos Personales a las dem\u00e1s autoridades judiciales o<br \/>administrativas, que en virtud de la ley aplicable deban recibir los Datos Personales;<br \/>\uf0b7 Para eventualmente contactar, v\u00eda correo electr\u00f3nico, o por cualquier otro medio, a personas naturales<br \/>con quienes tiene o ha tenido relaci\u00f3n, tales como, sin que la enumeraci\u00f3n signifique limitaci\u00f3n,<br \/>trabajadores y familiares de \u00e9stos, accionistas, clientes, distribuidores, proveedores, acreedores y<br \/>deudores, para las finalidades antes mencionadas.<br \/>Customers and Suppliers:<br \/>\uf0b7 Para cumplir las obligaciones contra\u00eddas por TEXTILES OMNES S.A. con sus Clientes al momento de<br \/>adquirir nuestros productos;<br \/>\uf0b7 Para el fortalecimiento de las relaciones con sus Clientes y proveedores, mediante el env\u00edo de informaci\u00f3n<br \/>relevante, la toma de pedidos y evaluaci\u00f3n de la calidad del servicio;<br \/>Employees<br \/>\uf0b7 Administrar y operar, directamente o por conducto de terceros, los procesos de selecci\u00f3n y vinculaci\u00f3n<br \/>de personal, incluyendo la evaluaci\u00f3n y calificaci\u00f3n de los participantes y la verificaci\u00f3n de referencias<br \/>laborales y personales, y la realizaci\u00f3n de estudios de seguridad;<br \/>\uf0b7 Desarrollar las actividades propias de la gesti\u00f3n de Recursos Humanos dentro de TEXTILES OMNES S.A.,<br \/>tales como n\u00f3mina, afiliaciones a entidades del sistema general de seguridad social, actividades de<br \/>bienestar y salud ocupacional, ejercicio de la potestad sancionatoria del empleador, entre otras;<br \/>Shareholders:<br \/>\uf0b7 Para el reconocimiento, protecci\u00f3n y ejercicio de los derechos de los accionistas de TEXTILES OMNES<br \/>S.A;<br \/>\uf0b7 Para el pago de dividendos;<br \/>\uf0b7 Para eventualmente contactar, v\u00eda correo electr\u00f3nico, o por cualquier otro medio, a los accionistas para<br \/>las finalidades anteriormente mencionadas;<\/p><p><br \/>6. TRATAMIENTO DE DATOS SENSIBLES:<br \/>El Tratamiento de los Datos Personales de naturaleza sensible est\u00e1 prohibido por la ley, salvo que se<br \/>cuente con autorizaci\u00f3n expresa, previa e informada del Titular, entre otras excepciones consagradas en<br \/>el Art\u00edculo 6\u00ba de la Ley 1581 de 2012.<br \/>En este caso, adem\u00e1s de cumplir con los requisitos establecidos para la autorizaci\u00f3n, TEXTILES OMNES<br \/>S.A informar\u00e1 al Titular:<br \/>\uf0b7 Que por tratarse de datos sensibles no est\u00e1 obligado a autorizar su Tratamiento.<br \/>\uf0b7 Cu\u00e1les de los datos que ser\u00e1n objeto de Tratamiento son sensibles y la finalidad del Tratamiento.<br \/>Adicionalmente, TEXTILES OMNES S.A tratar\u00e1 los datos sensibles recolectados bajo est\u00e1ndares de<br \/>seguridad y confidencialidad correspondientes a su naturaleza. Para este fin, TEXTILES OMNES S.A ha<br \/>implementado medidas administrativas, t\u00e9cnicas y jur\u00eddicas contenidas en su Manual de Pol\u00edticas y<br \/>Procedimientos, de obligatorio cumplimiento para sus empleados y, en tanto sea aplicable, a sus<br \/>proveedores y clientes.<\/p><p><br \/>7. DERECHOS DE LOS TITULARESLos titulares de la informaci\u00f3n tienen los siguientes derechos:<br \/>A. Conocer, actualizar, rectificar, suprimir y revocar los datos personales. Este derecho se podr\u00e1 ejercer,<br \/>entre otros, frente a datos parciales, inexactos, incompletos, fraccionados, que induzcan a error, o<br \/>aquellos cuyo Tratamiento est\u00e9 expresamente prohibido o no haya sido autorizado.<br \/>B. Solicitar prueba de la autorizaci\u00f3n de Tratamiento otorgada.<br \/>C. Ser informado respecto del uso que TEXTILES OMNES S.A. le ha dado a los datos personales.<br \/>D. Presentar ante los organismos de control correspondientes, quejas por infracciones a lo dispuesto en<br \/>la normativa vigente y las dem\u00e1s normas que la modifiquen, adicionen o complementen.<br \/>E. Acceder en forma gratuita a los datos personales que hayan sido objeto de Tratamiento.<br \/>F. Revocar la autorizaci\u00f3n y\/o solicitar la supresi\u00f3n del dato, siempre que no exista un deber legal o<br \/>contractual que impida eliminarlos.<br \/>G. Abstenerse de responder las preguntas sobre datos sensibles. Tendr\u00e1 car\u00e1cter facultativo las<br \/>respuestas que versen sobre datos sensibles o sobre datos de las ni\u00f1as y ni\u00f1os y adolescentes.<\/p><p><br \/>8. ATENCI\u00d3N DE PETICIONES, QUEJAS Y RECLAMOS:<br \/>En cumplimiento de las normas sobre protecci\u00f3n de datos personales, TEXTILES OMNES S.A. presenta el<br \/>procedimiento y requisitos m\u00ednimos para el ejercicio de sus derechos:<br \/>\uf0d8 Canales a trav\u00e9s de los cuales puede ejercer derechos: El Titular podr\u00e1 utilizar el sistema de<br \/>correspondencia de Textiles Omnes S.A., mediante correo electr\u00f3nico a la direcci\u00f3n<br \/>servicioalcliente@textilesomnes.com o a trav\u00e9s de atenci\u00f3n personalizada en la Carrera 16 No. 36-<br \/>98, Dosquebradas, Risaralda \u2013 Colombia<br \/>\uf0d8 \u00c1rea Responsable de atenci\u00f3n de quejas, reclamos, felicitaciones y sugerencias: El seguimiento y<br \/>control de la atenci\u00f3n de estos casos, es responsabilidad del \u00e1rea de Tecnolog\u00eda de Textiles Omnes<br \/>S.A. mediante los canales indicados en el punto anterior.<br \/>8.1 Procedimientos para conocimiento, actualizaci\u00f3n, supresi\u00f3n, revocaci\u00f3n y rectificaci\u00f3n:<br \/>El titular podr\u00e1 solicitar a trav\u00e9s de los canales de contacto nombrados anteriormente, la actualizaci\u00f3n,<br \/>supresi\u00f3n, revocaci\u00f3n y rectificaci\u00f3n de la informaci\u00f3n y\/o efectuar consultas o reclamos relacionados<br \/>con su informaci\u00f3n.<br \/>Para la radicaci\u00f3n y atenci\u00f3n de su solicitud le solicitamos suministrar la siguiente informaci\u00f3n:<br \/>\uf0fc Nombre completo y apellidos<br \/>\uf0fc Datos de contacto (Direcci\u00f3n f\u00edsica y\/o electr\u00f3nica y tel\u00e9fonos de contacto),<br \/>\uf0fc Medios para recibir respuesta a su solicitud,<br \/>\uf0fc Motivo(s)\/hecho(s) que dan lugar al reclamo con una breve descripci\u00f3n del derecho que desea<br \/>ejercer (conocer, actualizar, rectificar, solicitar prueba de la autorizaci\u00f3n otorgada, revocarla,<br \/>suprimir, acceder a la informaci\u00f3n),<br \/>\uf0fc Documentos que soporten la petici\u00f3n (si aplica)<br \/>\uf0fc Firma (si aplica) y n\u00famero de identificaci\u00f3n.<br \/>Textiles Omnes S.A. validar\u00e1 la identificaci\u00f3n, analizar\u00e1, clasificar\u00e1 y emitir\u00e1 la respuesta a la solicitud en<br \/>los tiempos establecidos en la ley, y ser\u00e1 enviada a trav\u00e9s del medio por el cual se recibe la solicitud o<br \/>por el medio que el titular especifique en su comunicaci\u00f3n. La supresi\u00f3n de datos personales y\/o<br \/>revocaci\u00f3n de autorizaci\u00f3n para tratamiento de la informaci\u00f3n no proceder\u00e1 cuando el titular tenga un<br \/>deber legal o contractual de permanecer en las bases de datos de Textiles Omnes S.A.<br \/>En caso de que el requerimiento resulte incompleto en cuanto a sus requisitos, el solicitante ser\u00e1<br \/>requerido para que dentro de los cinco (5) d\u00edas siguientes a la recepci\u00f3n del requerimiento subsane sus<br \/>omisiones. Transcurridos dos (2) meses desde la fecha en que el solicitante fue requerido para subsanar<br \/>su petici\u00f3n sin obtener la informaci\u00f3n requerida, se entender\u00e1 que ha desistido del reclamo.<br \/>El t\u00e9rmino m\u00e1ximo para atender la solicitud ser\u00e1 de quince (15) d\u00edas h\u00e1biles contados a partir del d\u00eda<br \/>siguiente a la fecha de su recibo.<br \/>Si no fuere posible responder alg\u00fan requerimiento en raz\u00f3n de su complejidad,se informar\u00e1 alsolicitante<br \/>el motivo por el cual no es posible responder dentro del t\u00e9rmino fijado por la normativa vigente. Cuando<br \/>se notifique sobre la imposibilidad de responder en elt\u00e9rmino inicialmente se\u00f1alado, deber\u00e1 inform\u00e1rsele<br \/>al solicitante la fecha en la que se responder\u00e1 el requerimiento, la cual en ning\u00fan caso podr\u00e1 superar los<br \/>ocho (8) d\u00edas h\u00e1biles siguientes al vencimiento del primer t\u00e9rmino.<\/p><p><br \/>9. VIGENCIA<br \/>La presente Pol\u00edtica para el Tratamiento de Datos Personales rige a partir del 2 de Febrero de 2017.<br \/>Las bases de datos en las que se registrar\u00e1n los datos personales tendr\u00e1n una vigencia igual al tiempo en<br \/>que se mantenga y utilice la informaci\u00f3n para las finalidades descritas en esta pol\u00edtica. Una vez se<br \/>cumpla(n) esa(s) finalidad(es) y siempre que no exista un deber legal o contractual de conservar su<br \/>informaci\u00f3n, sus datos ser\u00e1n eliminados de nuestras bases de datos.<\/p>\t\t\t\t\t\t\t\t<\/div>\n\t\t\t\t<\/div>\n\t\t\t\t\t<\/div>\n\t\t<\/div>\n\t\t\t\t\t<\/div>\n\t\t<\/section>\n\t\t\t\t<\/div>","protected":false},"excerpt":{"rendered":"<p>Pol\u00edtica de Tratamiento de Datos &nbsp; Dando cumplimiento a lo dispuesto en la Ley estatutaria 1581 de 2012 y a su Decreto Reglamentario 1377 de 2013, TEXTILES OMNES S.A. adopta la presente pol\u00edtica para el tratamiento de datos personales, la cual ser\u00e1 informada a todos los titulares de los datos recolectados o que en el [&hellip;]<\/p>\n","protected":false},"author":4,"featured_media":0,"parent":0,"menu_order":0,"comment_status":"closed","ping_status":"closed","template":"","meta":{"content-type":"","_monsterinsights_skip_tracking":false,"_monsterinsights_sitenote_active":false,"_monsterinsights_sitenote_note":"","_monsterinsights_sitenote_category":0,"site-sidebar-layout":"no-sidebar","site-content-layout":"page-builder","ast-site-content-layout":"full-width-container","site-content-style":"unboxed","site-sidebar-style":"unboxed","ast-global-header-display":"","ast-banner-title-visibility":"","ast-main-header-display":"","ast-hfb-above-header-display":"","ast-hfb-below-header-display":"","ast-hfb-mobile-header-display":"","site-post-title":"","ast-breadcrumbs-content":"","ast-featured-img":"","footer-sml-layout":"","ast-disable-related-posts":"","theme-transparent-header-meta":"disabled","adv-header-id-meta":"","stick-header-meta":"","header-above-stick-meta":"","header-main-stick-meta":"","header-below-stick-meta":"","astra-migrate-meta-layouts":"set","ast-page-background-enabled":"default","ast-page-background-meta":{"desktop":{"background-color":"var(--ast-global-color-4)","background-image":"","background-repeat":"repeat","background-position":"center center","background-size":"auto","background-attachment":"scroll","background-type":"","background-media":"","overlay-type":"","overlay-color":"","overlay-opacity":"","overlay-gradient":""},"tablet":{"background-color":"","background-image":"","background-repeat":"repeat","background-position":"center center","background-size":"auto","background-attachment":"scroll","background-type":"","background-media":"","overlay-type":"","overlay-color":"","overlay-opacity":"","overlay-gradient":""},"mobile":{"background-color":"","background-image":"","background-repeat":"repeat","background-position":"center center","background-size":"auto","background-attachment":"scroll","background-type":"","background-media":"","overlay-type":"","overlay-color":"","overlay-opacity":"","overlay-gradient":""}},"ast-content-background-meta":{"desktop":{"background-color":"var(--ast-global-color-5)","background-image":"","background-repeat":"repeat","background-position":"center center","background-size":"auto","background-attachment":"scroll","background-type":"","background-media":"","overlay-type":"","overlay-color":"","overlay-opacity":"","overlay-gradient":""},"tablet":{"background-color":"var(--ast-global-color-5)","background-image":"","background-repeat":"repeat","background-position":"center center","background-size":"auto","background-attachment":"scroll","background-type":"","background-media":"","overlay-type":"","overlay-color":"","overlay-opacity":"","overlay-gradient":""},"mobile":{"background-color":"var(--ast-global-color-5)","background-image":"","background-repeat":"repeat","background-position":"center center","background-size":"auto","background-attachment":"scroll","background-type":"","background-media":"","overlay-type":"","overlay-color":"","overlay-opacity":"","overlay-gradient":""}},"footnotes":""},"class_list":["post-569","page","type-page","status-publish","hentry"],"_links":{"self":[{"href":"https:\/\/textilesomnes.com\/en\/wp-json\/wp\/v2\/pages\/569","targetHints":{"allow":["GET"]}}],"collection":[{"href":"https:\/\/textilesomnes.com\/en\/wp-json\/wp\/v2\/pages"}],"about":[{"href":"https:\/\/textilesomnes.com\/en\/wp-json\/wp\/v2\/types\/page"}],"author":[{"embeddable":true,"href":"https:\/\/textilesomnes.com\/en\/wp-json\/wp\/v2\/users\/4"}],"replies":[{"embeddable":true,"href":"https:\/\/textilesomnes.com\/en\/wp-json\/wp\/v2\/comments?post=569"}],"version-history":[{"count":0,"href":"https:\/\/textilesomnes.com\/en\/wp-json\/wp\/v2\/pages\/569\/revisions"}],"wp:attachment":[{"href":"https:\/\/textilesomnes.com\/en\/wp-json\/wp\/v2\/media?parent=569"}],"curies":[{"name":"wp","href":"https:\/\/api.w.org\/{rel}","templated":true}]}}