{"id":542,"date":"2023-02-03T04:35:32","date_gmt":"2023-02-03T09:35:32","guid":{"rendered":"https:\/\/34.135.225.194\/?page_id=542"},"modified":"2025-07-14T15:02:43","modified_gmt":"2025-07-14T20:02:43","slug":"acciones-de-sostenibilidad","status":"publish","type":"page","link":"https:\/\/textilesomnes.com\/en\/nosotros\/acciones-de-sostenibilidad\/","title":{"rendered":"Sustainability actions"},"content":{"rendered":"<div data-elementor-type=\"wp-page\" data-elementor-id=\"542\" class=\"elementor elementor-542\">\n\t\t\t\t\t\t<section class=\"elementor-section elementor-top-section elementor-element elementor-element-f012c12 elementor-section-height-full elementor-section-boxed elementor-section-height-default elementor-section-items-middle\" data-id=\"f012c12\" data-element_type=\"section\" data-e-type=\"section\" data-settings=\"{&quot;background_background&quot;:&quot;classic&quot;}\">\n\t\t\t\t\t\t<div class=\"elementor-container elementor-column-gap-default\">\n\t\t\t\t\t<div class=\"elementor-column elementor-col-100 elementor-top-column elementor-element elementor-element-75a6294\" data-id=\"75a6294\" data-element_type=\"column\" data-e-type=\"column\">\n\t\t\t<div class=\"elementor-widget-wrap elementor-element-populated\">\n\t\t\t\t\t\t<div class=\"elementor-element elementor-element-7068e9e elementor-widget elementor-widget-spacer\" data-id=\"7068e9e\" data-element_type=\"widget\" data-e-type=\"widget\" data-widget_type=\"spacer.default\">\n\t\t\t\t<div class=\"elementor-widget-container\">\n\t\t\t\t\t\t\t<div class=\"elementor-spacer\">\n\t\t\t<div class=\"elementor-spacer-inner\"><\/div>\n\t\t<\/div>\n\t\t\t\t\t\t<\/div>\n\t\t\t\t<\/div>\n\t\t\t\t<section class=\"elementor-section elementor-inner-section elementor-element elementor-element-46d94e8 elementor-section-boxed elementor-section-height-default elementor-section-height-default\" data-id=\"46d94e8\" data-element_type=\"section\" data-e-type=\"section\">\n\t\t\t\t\t\t<div class=\"elementor-container elementor-column-gap-default\">\n\t\t\t\t\t<div class=\"elementor-column elementor-col-50 elementor-inner-column elementor-element elementor-element-9d6f935\" data-id=\"9d6f935\" data-element_type=\"column\" data-e-type=\"column\">\n\t\t\t<div class=\"elementor-widget-wrap elementor-element-populated\">\n\t\t\t\t\t\t<div class=\"elementor-element elementor-element-996f6a8 elementor-hidden-desktop elementor-widget elementor-widget-spacer\" data-id=\"996f6a8\" data-element_type=\"widget\" data-e-type=\"widget\" data-widget_type=\"spacer.default\">\n\t\t\t\t<div class=\"elementor-widget-container\">\n\t\t\t\t\t\t\t<div class=\"elementor-spacer\">\n\t\t\t<div class=\"elementor-spacer-inner\"><\/div>\n\t\t<\/div>\n\t\t\t\t\t\t<\/div>\n\t\t\t\t<\/div>\n\t\t\t\t<div class=\"elementor-element elementor-element-3ec61e7 elementor-widget__width-inherit elementor-widget elementor-widget-heading\" data-id=\"3ec61e7\" data-element_type=\"widget\" data-e-type=\"widget\" data-widget_type=\"heading.default\">\n\t\t\t\t<div class=\"elementor-widget-container\">\n\t\t\t\t\t<h1 class=\"elementor-heading-title elementor-size-default\">Sustainability actions<\/h1>\t\t\t\t<\/div>\n\t\t\t\t<\/div>\n\t\t\t\t\t<\/div>\n\t\t<\/div>\n\t\t\t\t<div class=\"elementor-column elementor-col-50 elementor-inner-column elementor-element elementor-element-e072ebf\" data-id=\"e072ebf\" data-element_type=\"column\" data-e-type=\"column\">\n\t\t\t<div class=\"elementor-widget-wrap\">\n\t\t\t\t\t\t\t<\/div>\n\t\t<\/div>\n\t\t\t\t\t<\/div>\n\t\t<\/section>\n\t\t\t\t<div class=\"elementor-element elementor-element-9333e0a elementor-view-default elementor-widget elementor-widget-icon\" data-id=\"9333e0a\" data-element_type=\"widget\" data-e-type=\"widget\" data-widget_type=\"icon.default\">\n\t\t\t\t<div class=\"elementor-widget-container\">\n\t\t\t\t\t\t\t<div class=\"elementor-icon-wrapper\">\n\t\t\t<a class=\"elementor-icon\" href=\"https:\/\/textilesomnes.com\/en\/acciones-de-sostenibilidad\/#acciones-scroll\">\n\t\t\t<svg xmlns=\"http:\/\/www.w3.org\/2000\/svg\" width=\"80\" height=\"80\" viewbox=\"0 0 80 80\"><g id=\"Grupo_8\" data-name=\"Grupo 8\" transform=\"translate(-986 -850)\"><g id=\"Elipse_2\" data-name=\"Elipse 2\" transform=\"translate(1066 850) rotate(90)\" fill=\"none\" stroke=\"#fff\" stroke-width=\"1\"><circle cx=\"40\" cy=\"40\" r=\"40\" stroke=\"none\"><\/circle><circle cx=\"40\" cy=\"40\" r=\"39.5\" fill=\"none\"><\/circle><\/g><path id=\"Trazado_8\" data-name=\"Trazado 8\" d=\"M14.708,0l-1.5,1.5,14.74,14.739H0v2.137H27.952L13.212,33.11l1.5,1.5,17.3-17.3Z\" transform=\"translate(1043.303 874.354) rotate(90)\" fill=\"#fff\"><\/path><\/g><\/svg>\t\t\t<\/a>\n\t\t<\/div>\n\t\t\t\t\t\t<\/div>\n\t\t\t\t<\/div>\n\t\t\t\t<div class=\"elementor-element elementor-element-3fbe689 elementor-widget elementor-widget-text-editor\" data-id=\"3fbe689\" data-element_type=\"widget\" data-e-type=\"widget\" data-widget_type=\"text-editor.default\">\n\t\t\t\t<div class=\"elementor-widget-container\">\n\t\t\t\t\t\t\t\t\t<p><span style=\"color: #ffffff;\"><a style=\"color: #ffffff;\" href=\"https:\/\/textilesomnes.com\/en\/\">Home<\/a> &gt;\u00a0 <a style=\"color: #ffffff;\" href=\"https:\/\/textilesomnes.com\/en\/nosotros\/\">About us<\/a> &gt; <span style=\"color: #dfc38b;\"><a style=\"color: #dfc38b;\" href=\"https:\/\/textilesomnes.com\/en\/acciones-de-sostenibilidad\/\"> Sustainable actions<\/a><\/span><\/span><\/p>\t\t\t\t\t\t\t\t<\/div>\n\t\t\t\t<\/div>\n\t\t\t\t\t<\/div>\n\t\t<\/div>\n\t\t\t\t\t<\/div>\n\t\t<\/section>\n\t\t\t\t<section class=\"elementor-section elementor-top-section elementor-element elementor-element-a6ec59c elementor-section-boxed elementor-section-height-default elementor-section-height-default\" data-id=\"a6ec59c\" data-element_type=\"section\" data-e-type=\"section\" id=\"acciones-scroll\">\n\t\t\t\t\t\t<div class=\"elementor-container elementor-column-gap-default\">\n\t\t\t\t\t<div class=\"elementor-column elementor-col-100 elementor-top-column elementor-element elementor-element-434cf12\" data-id=\"434cf12\" data-element_type=\"column\" data-e-type=\"column\">\n\t\t\t<div class=\"elementor-widget-wrap elementor-element-populated\">\n\t\t\t\t\t\t<div class=\"elementor-element elementor-element-d3ba733 elementor-widget elementor-widget-spacer\" data-id=\"d3ba733\" data-element_type=\"widget\" data-e-type=\"widget\" data-widget_type=\"spacer.default\">\n\t\t\t\t<div class=\"elementor-widget-container\">\n\t\t\t\t\t\t\t<div class=\"elementor-spacer\">\n\t\t\t<div class=\"elementor-spacer-inner\"><\/div>\n\t\t<\/div>\n\t\t\t\t\t\t<\/div>\n\t\t\t\t<\/div>\n\t\t\t\t<div class=\"elementor-element elementor-element-1f0d818 elementor-widget elementor-widget-text-editor\" data-id=\"1f0d818\" data-element_type=\"widget\" data-e-type=\"widget\" data-widget_type=\"text-editor.default\">\n\t\t\t\t<div class=\"elementor-widget-container\">\n\t\t\t\t\t\t\t\t\t<h4>OUR SUPPORT TO THE SUSTAINABLE DEVELOPMENT GOALS:<\/h4><p>We identify with the Sustainable Development Goals because they seek global economic prosperity, while promoting the preservation of the environment and the end of poverty, combating inequalities and generating opportunities to improve the quality of life of the population, within a framework of sustainable development.<\/p>\t\t\t\t\t\t\t\t<\/div>\n\t\t\t\t<\/div>\n\t\t\t\t\t<\/div>\n\t\t<\/div>\n\t\t\t\t\t<\/div>\n\t\t<\/section>\n\t\t\t\t<section class=\"elementor-section elementor-top-section elementor-element elementor-element-d9fc82a elementor-section-boxed elementor-section-height-default elementor-section-height-default\" data-id=\"d9fc82a\" data-element_type=\"section\" data-e-type=\"section\">\n\t\t\t\t\t\t<div class=\"elementor-container elementor-column-gap-default\">\n\t\t\t\t\t<div class=\"elementor-column elementor-col-100 elementor-top-column elementor-element elementor-element-0127de2\" data-id=\"0127de2\" data-element_type=\"column\" data-e-type=\"column\">\n\t\t\t<div class=\"elementor-widget-wrap elementor-element-populated\">\n\t\t\t\t\t\t<div class=\"elementor-element elementor-element-98a7a38 elementor-widget elementor-widget-text-editor\" data-id=\"98a7a38\" data-element_type=\"widget\" data-e-type=\"widget\" data-widget_type=\"text-editor.default\">\n\t\t\t\t<div class=\"elementor-widget-container\">\n\t\t\t\t\t\t\t\t\t<p>We believe that we can contribute significantly to the achievement of the following SDGs:<\/p>\t\t\t\t\t\t\t\t<\/div>\n\t\t\t\t<\/div>\n\t\t\t\t<section class=\"elementor-section elementor-inner-section elementor-element elementor-element-be8cdc8 elementor-section-boxed elementor-section-height-default elementor-section-height-default\" data-id=\"be8cdc8\" data-element_type=\"section\" data-e-type=\"section\">\n\t\t\t\t\t\t<div class=\"elementor-container elementor-column-gap-default\">\n\t\t\t\t\t<div class=\"elementor-column elementor-col-50 elementor-inner-column elementor-element elementor-element-d7e9ff2\" data-id=\"d7e9ff2\" data-element_type=\"column\" data-e-type=\"column\">\n\t\t\t<div class=\"elementor-widget-wrap elementor-element-populated\">\n\t\t\t\t\t\t<div class=\"elementor-element elementor-element-e517f2c elementor-widget elementor-widget-image\" data-id=\"e517f2c\" data-element_type=\"widget\" data-e-type=\"widget\" data-widget_type=\"image.default\">\n\t\t\t\t<div class=\"elementor-widget-container\">\n\t\t\t\t\t\t\t\t\t\t\t\t\t\t\t<img fetchpriority=\"high\" decoding=\"async\" width=\"466\" height=\"466\" src=\"https:\/\/textilesomnes.com\/wp-content\/uploads\/2023\/04\/agua-limpia-omnes.jpg\" class=\"attachment-full size-full wp-image-2670\" alt=\"\" srcset=\"https:\/\/textilesomnes.com\/wp-content\/uploads\/2023\/04\/agua-limpia-omnes.jpg 466w, https:\/\/textilesomnes.com\/wp-content\/uploads\/2023\/04\/agua-limpia-omnes-300x300.jpg 300w, https:\/\/textilesomnes.com\/wp-content\/uploads\/2023\/04\/agua-limpia-omnes-150x150.jpg 150w, https:\/\/textilesomnes.com\/wp-content\/uploads\/2023\/04\/agua-limpia-omnes-12x12.jpg 12w, https:\/\/textilesomnes.com\/wp-content\/uploads\/2023\/04\/agua-limpia-omnes-100x100.jpg 100w\" sizes=\"(max-width: 466px) 100vw, 466px\" \/>\t\t\t\t\t\t\t\t\t\t\t\t\t\t\t<\/div>\n\t\t\t\t<\/div>\n\t\t\t\t\t<\/div>\n\t\t<\/div>\n\t\t\t\t<div class=\"elementor-column elementor-col-50 elementor-inner-column elementor-element elementor-element-8b7aa2e\" data-id=\"8b7aa2e\" data-element_type=\"column\" data-e-type=\"column\">\n\t\t\t<div class=\"elementor-widget-wrap elementor-element-populated\">\n\t\t\t\t\t\t<div class=\"elementor-element elementor-element-ae9c375 elementor-widget elementor-widget-text-editor\" data-id=\"ae9c375\" data-element_type=\"widget\" data-e-type=\"widget\" data-widget_type=\"text-editor.default\">\n\t\t\t\t<div class=\"elementor-widget-container\">\n\t\t\t\t\t\t\t\t\t<p>At Omnes we carry out plans for the efficient use and saving of water. Our main source of water consumption is rainwater, recirculating the water for the cooling process of the BZS tubes. Our production process has a treatment plant to manage this resource efficiently, which allows us to deliver the discharged water in conditions that do not generate negative impacts on aquatic ecosystems.<\/p>\t\t\t\t\t\t\t\t<\/div>\n\t\t\t\t<\/div>\n\t\t\t\t\t<\/div>\n\t\t<\/div>\n\t\t\t\t\t<\/div>\n\t\t<\/section>\n\t\t\t\t<section class=\"elementor-section elementor-inner-section elementor-element elementor-element-0c07a71 elementor-section-boxed elementor-section-height-default elementor-section-height-default\" data-id=\"0c07a71\" data-element_type=\"section\" data-e-type=\"section\">\n\t\t\t\t\t\t<div class=\"elementor-container elementor-column-gap-default\">\n\t\t\t\t\t<div class=\"elementor-column elementor-col-50 elementor-inner-column elementor-element elementor-element-9710aff\" data-id=\"9710aff\" data-element_type=\"column\" data-e-type=\"column\">\n\t\t\t<div class=\"elementor-widget-wrap elementor-element-populated\">\n\t\t\t\t\t\t<div class=\"elementor-element elementor-element-88a8142 elementor-widget elementor-widget-image\" data-id=\"88a8142\" data-element_type=\"widget\" data-e-type=\"widget\" data-widget_type=\"image.default\">\n\t\t\t\t<div class=\"elementor-widget-container\">\n\t\t\t\t\t\t\t\t\t\t\t\t\t\t\t<img decoding=\"async\" width=\"466\" height=\"466\" src=\"https:\/\/textilesomnes.com\/wp-content\/uploads\/2023\/04\/energia-limpia-omnes.jpg\" class=\"attachment-full size-full wp-image-2669\" alt=\"\" srcset=\"https:\/\/textilesomnes.com\/wp-content\/uploads\/2023\/04\/energia-limpia-omnes.jpg 466w, https:\/\/textilesomnes.com\/wp-content\/uploads\/2023\/04\/energia-limpia-omnes-300x300.jpg 300w, https:\/\/textilesomnes.com\/wp-content\/uploads\/2023\/04\/energia-limpia-omnes-150x150.jpg 150w, https:\/\/textilesomnes.com\/wp-content\/uploads\/2023\/04\/energia-limpia-omnes-12x12.jpg 12w, https:\/\/textilesomnes.com\/wp-content\/uploads\/2023\/04\/energia-limpia-omnes-100x100.jpg 100w\" sizes=\"(max-width: 466px) 100vw, 466px\" loading=\"lazy\" \/>\t\t\t\t\t\t\t\t\t\t\t\t\t\t\t<\/div>\n\t\t\t\t<\/div>\n\t\t\t\t\t<\/div>\n\t\t<\/div>\n\t\t\t\t<div class=\"elementor-column elementor-col-50 elementor-inner-column elementor-element elementor-element-2a8b866\" data-id=\"2a8b866\" data-element_type=\"column\" data-e-type=\"column\">\n\t\t\t<div class=\"elementor-widget-wrap elementor-element-populated\">\n\t\t\t\t\t\t<div class=\"elementor-element elementor-element-3537052 elementor-widget elementor-widget-text-editor\" data-id=\"3537052\" data-element_type=\"widget\" data-e-type=\"widget\" data-widget_type=\"text-editor.default\">\n\t\t\t\t<div class=\"elementor-widget-container\">\n\t\t\t\t\t\t\t\t\t<p>At Omnes we use green energy from EPM, which is energy generated through 100% renewable primary energy sources.<\/p>\t\t\t\t\t\t\t\t<\/div>\n\t\t\t\t<\/div>\n\t\t\t\t\t<\/div>\n\t\t<\/div>\n\t\t\t\t\t<\/div>\n\t\t<\/section>\n\t\t\t\t<section class=\"elementor-section elementor-inner-section elementor-element elementor-element-d1cafad elementor-section-boxed elementor-section-height-default elementor-section-height-default\" data-id=\"d1cafad\" data-element_type=\"section\" data-e-type=\"section\">\n\t\t\t\t\t\t<div class=\"elementor-container elementor-column-gap-default\">\n\t\t\t\t\t<div class=\"elementor-column elementor-col-50 elementor-inner-column elementor-element elementor-element-038a5bc\" data-id=\"038a5bc\" data-element_type=\"column\" data-e-type=\"column\">\n\t\t\t<div class=\"elementor-widget-wrap elementor-element-populated\">\n\t\t\t\t\t\t<div class=\"elementor-element elementor-element-4217881 elementor-widget elementor-widget-image\" data-id=\"4217881\" data-element_type=\"widget\" data-e-type=\"widget\" data-widget_type=\"image.default\">\n\t\t\t\t<div class=\"elementor-widget-container\">\n\t\t\t\t\t\t\t\t\t\t\t\t\t\t\t<img decoding=\"async\" width=\"466\" height=\"466\" src=\"https:\/\/textilesomnes.com\/wp-content\/uploads\/2023\/04\/accion-por-el-clima-omnes.jpg\" class=\"attachment-full size-full wp-image-2666\" alt=\"\" srcset=\"https:\/\/textilesomnes.com\/wp-content\/uploads\/2023\/04\/accion-por-el-clima-omnes.jpg 466w, https:\/\/textilesomnes.com\/wp-content\/uploads\/2023\/04\/accion-por-el-clima-omnes-300x300.jpg 300w, https:\/\/textilesomnes.com\/wp-content\/uploads\/2023\/04\/accion-por-el-clima-omnes-150x150.jpg 150w, https:\/\/textilesomnes.com\/wp-content\/uploads\/2023\/04\/accion-por-el-clima-omnes-12x12.jpg 12w, https:\/\/textilesomnes.com\/wp-content\/uploads\/2023\/04\/accion-por-el-clima-omnes-100x100.jpg 100w\" sizes=\"(max-width: 466px) 100vw, 466px\" loading=\"lazy\" \/>\t\t\t\t\t\t\t\t\t\t\t\t\t\t\t<\/div>\n\t\t\t\t<\/div>\n\t\t\t\t\t<\/div>\n\t\t<\/div>\n\t\t\t\t<div class=\"elementor-column elementor-col-50 elementor-inner-column elementor-element elementor-element-197c9b5\" data-id=\"197c9b5\" data-element_type=\"column\" data-e-type=\"column\">\n\t\t\t<div class=\"elementor-widget-wrap elementor-element-populated\">\n\t\t\t\t\t\t<div class=\"elementor-element elementor-element-da4a16e elementor-widget elementor-widget-text-editor\" data-id=\"da4a16e\" data-element_type=\"widget\" data-e-type=\"widget\" data-widget_type=\"text-editor.default\">\n\t\t\t\t<div class=\"elementor-widget-container\">\n\t\t\t\t\t\t\t\t\t<p style=\"text-align: left;\">Waste management: in all processes we seek to reduce it through the reuse, recovery and recycling of materials that can be reincorporated into the production process of Omnes or other value chains. Use of 78% of the waste generated. Use of recycled plastic wood tubes for packaging and their reuse program with our main customers. Adequate disposal of 100% of hazardous waste<\/p>\t\t\t\t\t\t\t\t<\/div>\n\t\t\t\t<\/div>\n\t\t\t\t\t<\/div>\n\t\t<\/div>\n\t\t\t\t\t<\/div>\n\t\t<\/section>\n\t\t\t\t<section class=\"elementor-section elementor-inner-section elementor-element elementor-element-acf517e elementor-section-boxed elementor-section-height-default elementor-section-height-default\" data-id=\"acf517e\" data-element_type=\"section\" data-e-type=\"section\">\n\t\t\t\t\t\t<div class=\"elementor-container elementor-column-gap-default\">\n\t\t\t\t\t<div class=\"elementor-column elementor-col-50 elementor-inner-column elementor-element elementor-element-e6af3a8\" data-id=\"e6af3a8\" data-element_type=\"column\" data-e-type=\"column\">\n\t\t\t<div class=\"elementor-widget-wrap elementor-element-populated\">\n\t\t\t\t\t\t<div class=\"elementor-element elementor-element-b65d9ac elementor-widget elementor-widget-image\" data-id=\"b65d9ac\" data-element_type=\"widget\" data-e-type=\"widget\" data-widget_type=\"image.default\">\n\t\t\t\t<div class=\"elementor-widget-container\">\n\t\t\t\t\t\t\t\t\t\t\t\t\t\t\t<img loading=\"lazy\" decoding=\"async\" width=\"466\" height=\"466\" src=\"https:\/\/textilesomnes.com\/wp-content\/uploads\/2023\/04\/Crecimiento-economico-omnes.jpg\" class=\"attachment-full size-full wp-image-2668\" alt=\"\" srcset=\"https:\/\/textilesomnes.com\/wp-content\/uploads\/2023\/04\/Crecimiento-economico-omnes.jpg 466w, https:\/\/textilesomnes.com\/wp-content\/uploads\/2023\/04\/Crecimiento-economico-omnes-300x300.jpg 300w, https:\/\/textilesomnes.com\/wp-content\/uploads\/2023\/04\/Crecimiento-economico-omnes-150x150.jpg 150w, https:\/\/textilesomnes.com\/wp-content\/uploads\/2023\/04\/Crecimiento-economico-omnes-12x12.jpg 12w, https:\/\/textilesomnes.com\/wp-content\/uploads\/2023\/04\/Crecimiento-economico-omnes-100x100.jpg 100w\" sizes=\"(max-width: 466px) 100vw, 466px\" \/>\t\t\t\t\t\t\t\t\t\t\t\t\t\t\t<\/div>\n\t\t\t\t<\/div>\n\t\t\t\t\t<\/div>\n\t\t<\/div>\n\t\t\t\t<div class=\"elementor-column elementor-col-50 elementor-inner-column elementor-element elementor-element-8270d44\" data-id=\"8270d44\" data-element_type=\"column\" data-e-type=\"column\">\n\t\t\t<div class=\"elementor-widget-wrap elementor-element-populated\">\n\t\t\t\t\t\t<div class=\"elementor-element elementor-element-1c7341b elementor-widget elementor-widget-text-editor\" data-id=\"1c7341b\" data-element_type=\"widget\" data-e-type=\"widget\" data-widget_type=\"text-editor.default\">\n\t\t\t\t<div class=\"elementor-widget-container\">\n\t\t\t\t\t\t\t\t\t<p style=\"text-align: left;\">We assume the commitment to ensure the sustainable growth of the company, seeking to promote the economic development of the country and generate direct and indirect quality jobs, promoting safe work environments for employees.<\/p>\t\t\t\t\t\t\t\t<\/div>\n\t\t\t\t<\/div>\n\t\t\t\t\t<\/div>\n\t\t<\/div>\n\t\t\t\t\t<\/div>\n\t\t<\/section>\n\t\t\t\t<section class=\"elementor-section elementor-inner-section elementor-element elementor-element-9efe342 elementor-section-boxed elementor-section-height-default elementor-section-height-default\" data-id=\"9efe342\" data-element_type=\"section\" data-e-type=\"section\">\n\t\t\t\t\t\t<div class=\"elementor-container elementor-column-gap-default\">\n\t\t\t\t\t<div class=\"elementor-column elementor-col-50 elementor-inner-column elementor-element elementor-element-5c82e8c\" data-id=\"5c82e8c\" data-element_type=\"column\" data-e-type=\"column\">\n\t\t\t<div class=\"elementor-widget-wrap elementor-element-populated\">\n\t\t\t\t\t\t<div class=\"elementor-element elementor-element-139111a elementor-widget elementor-widget-image\" data-id=\"139111a\" data-element_type=\"widget\" data-e-type=\"widget\" data-widget_type=\"image.default\">\n\t\t\t\t<div class=\"elementor-widget-container\">\n\t\t\t\t\t\t\t\t\t\t\t\t\t\t\t<img loading=\"lazy\" decoding=\"async\" width=\"466\" height=\"466\" src=\"https:\/\/textilesomnes.com\/wp-content\/uploads\/2023\/04\/paz-y-justicia-omnes.jpg\" class=\"attachment-full size-full wp-image-2667\" alt=\"\" srcset=\"https:\/\/textilesomnes.com\/wp-content\/uploads\/2023\/04\/paz-y-justicia-omnes.jpg 466w, https:\/\/textilesomnes.com\/wp-content\/uploads\/2023\/04\/paz-y-justicia-omnes-300x300.jpg 300w, https:\/\/textilesomnes.com\/wp-content\/uploads\/2023\/04\/paz-y-justicia-omnes-150x150.jpg 150w, https:\/\/textilesomnes.com\/wp-content\/uploads\/2023\/04\/paz-y-justicia-omnes-12x12.jpg 12w, https:\/\/textilesomnes.com\/wp-content\/uploads\/2023\/04\/paz-y-justicia-omnes-100x100.jpg 100w\" sizes=\"(max-width: 466px) 100vw, 466px\" \/>\t\t\t\t\t\t\t\t\t\t\t\t\t\t\t<\/div>\n\t\t\t\t<\/div>\n\t\t\t\t\t<\/div>\n\t\t<\/div>\n\t\t\t\t<div class=\"elementor-column elementor-col-50 elementor-inner-column elementor-element elementor-element-625ed25\" data-id=\"625ed25\" data-element_type=\"column\" data-e-type=\"column\">\n\t\t\t<div class=\"elementor-widget-wrap elementor-element-populated\">\n\t\t\t\t\t\t<div class=\"elementor-element elementor-element-7f12801 elementor-widget elementor-widget-text-editor\" data-id=\"7f12801\" data-element_type=\"widget\" data-e-type=\"widget\" data-widget_type=\"text-editor.default\">\n\t\t\t\t<div class=\"elementor-widget-container\">\n\t\t\t\t\t\t\t\t\t<p style=\"text-align: left;\">Our Code of Ethics guides our behavior and is a mandatory requirement for all directors, employees, contractors, temporary workers and business partners working on our behalf.<\/p>\n<p style=\"text-align: left;\">El 99 % de nuestros colaboradores est\u00e1n formados para la prevenci\u00f3n en lavado de activos y financiaci\u00f3n de terrorismo LA\/FT.<\/p>\t\t\t\t\t\t\t\t<\/div>\n\t\t\t\t<\/div>\n\t\t\t\t\t<\/div>\n\t\t<\/div>\n\t\t\t\t\t<\/div>\n\t\t<\/section>\n\t\t\t\t<div class=\"elementor-element elementor-element-52929f5 elementor-widget elementor-widget-spacer\" data-id=\"52929f5\" data-element_type=\"widget\" data-e-type=\"widget\" data-widget_type=\"spacer.default\">\n\t\t\t\t<div class=\"elementor-widget-container\">\n\t\t\t\t\t\t\t<div class=\"elementor-spacer\">\n\t\t\t<div class=\"elementor-spacer-inner\"><\/div>\n\t\t<\/div>\n\t\t\t\t\t\t<\/div>\n\t\t\t\t<\/div>\n\t\t\t\t\t<\/div>\n\t\t<\/div>\n\t\t\t\t\t<\/div>\n\t\t<\/section>\n\t\t\t\t<\/div>","protected":false},"excerpt":{"rendered":"<p>Acciones de sostenibilidad \u00a0 Inicio &gt;\u00a0 Nosotros &gt; Acciones sostenibles NUESTRO APOYO A LOS OBJETIVOS DE DESARROLLO SOSTENIBLE: Nos identificamos con los Objetivos de Desarrollo Sostenible porque buscan la prosperidad econ\u00f3mica a nivel global, promoviendo, a su vez, la preservaci\u00f3n del medio ambiente y el fin de la pobreza, combatiendo las desigualdades y generando oportunidades [&hellip;]<\/p>\n","protected":false},"author":4,"featured_media":0,"parent":239,"menu_order":0,"comment_status":"closed","ping_status":"closed","template":"","meta":{"content-type":"","_monsterinsights_skip_tracking":false,"_monsterinsights_sitenote_active":false,"_monsterinsights_sitenote_note":"","_monsterinsights_sitenote_category":0,"site-sidebar-layout":"no-sidebar","site-content-layout":"page-builder","ast-site-content-layout":"full-width-container","site-content-style":"unboxed","site-sidebar-style":"unboxed","ast-global-header-display":"","ast-banner-title-visibility":"","ast-main-header-display":"","ast-hfb-above-header-display":"","ast-hfb-below-header-display":"","ast-hfb-mobile-header-display":"","site-post-title":"","ast-breadcrumbs-content":"","ast-featured-img":"","footer-sml-layout":"","ast-disable-related-posts":"","theme-transparent-header-meta":"disabled","adv-header-id-meta":"","stick-header-meta":"","header-above-stick-meta":"","header-main-stick-meta":"","header-below-stick-meta":"","astra-migrate-meta-layouts":"set","ast-page-background-enabled":"default","ast-page-background-meta":{"desktop":{"background-color":"var(--ast-global-color-4)","background-image":"","background-repeat":"repeat","background-position":"center center","background-size":"auto","background-attachment":"scroll","background-type":"","background-media":"","overlay-type":"","overlay-color":"","overlay-opacity":"","overlay-gradient":""},"tablet":{"background-color":"","background-image":"","background-repeat":"repeat","background-position":"center center","background-size":"auto","background-attachment":"scroll","background-type":"","background-media":"","overlay-type":"","overlay-color":"","overlay-opacity":"","overlay-gradient":""},"mobile":{"background-color":"","background-image":"","background-repeat":"repeat","background-position":"center center","background-size":"auto","background-attachment":"scroll","background-type":"","background-media":"","overlay-type":"","overlay-color":"","overlay-opacity":"","overlay-gradient":""}},"ast-content-background-meta":{"desktop":{"background-color":"var(--ast-global-color-5)","background-image":"","background-repeat":"repeat","background-position":"center center","background-size":"auto","background-attachment":"scroll","background-type":"","background-media":"","overlay-type":"","overlay-color":"","overlay-opacity":"","overlay-gradient":""},"tablet":{"background-color":"var(--ast-global-color-5)","background-image":"","background-repeat":"repeat","background-position":"center center","background-size":"auto","background-attachment":"scroll","background-type":"","background-media":"","overlay-type":"","overlay-color":"","overlay-opacity":"","overlay-gradient":""},"mobile":{"background-color":"var(--ast-global-color-5)","background-image":"","background-repeat":"repeat","background-position":"center center","background-size":"auto","background-attachment":"scroll","background-type":"","background-media":"","overlay-type":"","overlay-color":"","overlay-opacity":"","overlay-gradient":""}},"footnotes":""},"class_list":["post-542","page","type-page","status-publish","hentry"],"_links":{"self":[{"href":"https:\/\/textilesomnes.com\/en\/wp-json\/wp\/v2\/pages\/542","targetHints":{"allow":["GET"]}}],"collection":[{"href":"https:\/\/textilesomnes.com\/en\/wp-json\/wp\/v2\/pages"}],"about":[{"href":"https:\/\/textilesomnes.com\/en\/wp-json\/wp\/v2\/types\/page"}],"author":[{"embeddable":true,"href":"https:\/\/textilesomnes.com\/en\/wp-json\/wp\/v2\/users\/4"}],"replies":[{"embeddable":true,"href":"https:\/\/textilesomnes.com\/en\/wp-json\/wp\/v2\/comments?post=542"}],"version-history":[{"count":0,"href":"https:\/\/textilesomnes.com\/en\/wp-json\/wp\/v2\/pages\/542\/revisions"}],"up":[{"embeddable":true,"href":"https:\/\/textilesomnes.com\/en\/wp-json\/wp\/v2\/pages\/239"}],"wp:attachment":[{"href":"https:\/\/textilesomnes.com\/en\/wp-json\/wp\/v2\/media?parent=542"}],"curies":[{"name":"wp","href":"https:\/\/api.w.org\/{rel}","templated":true}]}}