{"id":520,"date":"2023-02-03T02:48:16","date_gmt":"2023-02-03T07:48:16","guid":{"rendered":"https:\/\/34.135.225.194\/?page_id=520"},"modified":"2025-08-28T12:15:59","modified_gmt":"2025-08-28T17:15:59","slug":"tejidos-geotextil","status":"publish","type":"page","link":"https:\/\/textilesomnes.com\/en\/productos\/tejidos-geotextil\/","title":{"rendered":"Geotextile fabrics"},"content":{"rendered":"<div data-elementor-type=\"wp-page\" data-elementor-id=\"520\" class=\"elementor elementor-520\">\n\t\t\t\t\t\t<section class=\"elementor-section elementor-top-section elementor-element elementor-element-35643a9 elementor-section-height-full elementor-section-boxed elementor-section-height-default elementor-section-items-middle\" data-id=\"35643a9\" data-element_type=\"section\" data-e-type=\"section\" data-settings=\"{&quot;background_background&quot;:&quot;classic&quot;}\">\n\t\t\t\t\t\t<div class=\"elementor-container elementor-column-gap-default\">\n\t\t\t\t\t<div class=\"elementor-column elementor-col-100 elementor-top-column elementor-element elementor-element-deacbc7\" data-id=\"deacbc7\" data-element_type=\"column\" data-e-type=\"column\">\n\t\t\t<div class=\"elementor-widget-wrap elementor-element-populated\">\n\t\t\t\t\t\t<div class=\"elementor-element elementor-element-8a8bacc elementor-widget elementor-widget-spacer\" data-id=\"8a8bacc\" data-element_type=\"widget\" data-e-type=\"widget\" data-widget_type=\"spacer.default\">\n\t\t\t\t<div class=\"elementor-widget-container\">\n\t\t\t\t\t\t\t<div class=\"elementor-spacer\">\n\t\t\t<div class=\"elementor-spacer-inner\"><\/div>\n\t\t<\/div>\n\t\t\t\t\t\t<\/div>\n\t\t\t\t<\/div>\n\t\t\t\t<section class=\"elementor-section elementor-inner-section elementor-element elementor-element-80db8ba elementor-section-boxed elementor-section-height-default elementor-section-height-default\" data-id=\"80db8ba\" data-element_type=\"section\" data-e-type=\"section\">\n\t\t\t\t\t\t<div class=\"elementor-container elementor-column-gap-default\">\n\t\t\t\t\t<div class=\"elementor-column elementor-col-50 elementor-inner-column elementor-element elementor-element-852ae51\" data-id=\"852ae51\" data-element_type=\"column\" data-e-type=\"column\">\n\t\t\t<div class=\"elementor-widget-wrap elementor-element-populated\">\n\t\t\t\t\t\t<div class=\"elementor-element elementor-element-9205dd2 elementor-hidden-desktop elementor-widget elementor-widget-spacer\" data-id=\"9205dd2\" data-element_type=\"widget\" data-e-type=\"widget\" data-widget_type=\"spacer.default\">\n\t\t\t\t<div class=\"elementor-widget-container\">\n\t\t\t\t\t\t\t<div class=\"elementor-spacer\">\n\t\t\t<div class=\"elementor-spacer-inner\"><\/div>\n\t\t<\/div>\n\t\t\t\t\t\t<\/div>\n\t\t\t\t<\/div>\n\t\t\t\t<div class=\"elementor-element elementor-element-9aeeedb elementor-widget__width-inherit elementor-widget elementor-widget-heading\" data-id=\"9aeeedb\" data-element_type=\"widget\" data-e-type=\"widget\" data-widget_type=\"heading.default\">\n\t\t\t\t<div class=\"elementor-widget-container\">\n\t\t\t\t\t<h1 class=\"elementor-heading-title elementor-size-default\">Fabrics geotextile<\/h1>\t\t\t\t<\/div>\n\t\t\t\t<\/div>\n\t\t\t\t<div class=\"elementor-element elementor-element-c978c00 elementor-widget elementor-widget-text-editor\" data-id=\"c978c00\" data-element_type=\"widget\" data-e-type=\"widget\" data-widget_type=\"text-editor.default\">\n\t\t\t\t<div class=\"elementor-widget-container\">\n\t\t\t\t\t\t\t\t\t<p>.<br \/>.<\/p>\t\t\t\t\t\t\t\t<\/div>\n\t\t\t\t<\/div>\n\t\t\t\t\t<\/div>\n\t\t<\/div>\n\t\t\t\t<div class=\"elementor-column elementor-col-50 elementor-inner-column elementor-element elementor-element-bb88405\" data-id=\"bb88405\" data-element_type=\"column\" data-e-type=\"column\">\n\t\t\t<div class=\"elementor-widget-wrap\">\n\t\t\t\t\t\t\t<\/div>\n\t\t<\/div>\n\t\t\t\t\t<\/div>\n\t\t<\/section>\n\t\t\t\t<div class=\"elementor-element elementor-element-33a7c08 elementor-view-default elementor-widget elementor-widget-icon\" data-id=\"33a7c08\" data-element_type=\"widget\" data-e-type=\"widget\" data-widget_type=\"icon.default\">\n\t\t\t\t<div class=\"elementor-widget-container\">\n\t\t\t\t\t\t\t<div class=\"elementor-icon-wrapper\">\n\t\t\t<a class=\"elementor-icon\" href=\"https:\/\/textilesomnes.com\/en\/tejidos-geotextil\/#tejidos-geotextil\">\n\t\t\t<svg xmlns=\"http:\/\/www.w3.org\/2000\/svg\" width=\"80\" height=\"80\" viewbox=\"0 0 80 80\"><g id=\"Grupo_8\" data-name=\"Grupo 8\" transform=\"translate(-986 -850)\"><g id=\"Elipse_2\" data-name=\"Elipse 2\" transform=\"translate(1066 850) rotate(90)\" fill=\"none\" stroke=\"#fff\" stroke-width=\"1\"><circle cx=\"40\" cy=\"40\" r=\"40\" stroke=\"none\"><\/circle><circle cx=\"40\" cy=\"40\" r=\"39.5\" fill=\"none\"><\/circle><\/g><path id=\"Trazado_8\" data-name=\"Trazado 8\" d=\"M14.708,0l-1.5,1.5,14.74,14.739H0v2.137H27.952L13.212,33.11l1.5,1.5,17.3-17.3Z\" transform=\"translate(1043.303 874.354) rotate(90)\" fill=\"#fff\"><\/path><\/g><\/svg>\t\t\t<\/a>\n\t\t<\/div>\n\t\t\t\t\t\t<\/div>\n\t\t\t\t<\/div>\n\t\t\t\t<div class=\"elementor-element elementor-element-a378818 elementor-widget elementor-widget-text-editor\" data-id=\"a378818\" data-element_type=\"widget\" data-e-type=\"widget\" data-widget_type=\"text-editor.default\">\n\t\t\t\t<div class=\"elementor-widget-container\">\n\t\t\t\t\t\t\t\t\t<p><span style=\"color: #ffffff;\"><a style=\"color: #ffffff;\" href=\"https:\/\/textilesomnes.com\/en\/\">Home <\/a>&gt; <a style=\"color: #ffffff;\" href=\"https:\/\/textilesomnes.com\/en\/productos\/\">Products<\/a> &gt; <span style=\"color: #dfc38b;\"><a style=\"color: #dfc38b;\" href=\"https:\/\/textilesomnes.com\/en\/tejidos-geotextil\/\">Geotextile fabrics<\/a><\/span><\/span><\/p>\t\t\t\t\t\t\t\t<\/div>\n\t\t\t\t<\/div>\n\t\t\t\t\t<\/div>\n\t\t<\/div>\n\t\t\t\t\t<\/div>\n\t\t<\/section>\n\t\t\t\t<section class=\"elementor-section elementor-top-section elementor-element elementor-element-405c184 elementor-section-full_width elementor-hidden-mobile elementor-section-height-default elementor-section-height-default\" data-id=\"405c184\" data-element_type=\"section\" data-e-type=\"section\" id=\"tejidos-geotextil\">\n\t\t\t\t\t\t<div class=\"elementor-container elementor-column-gap-no\">\n\t\t\t\t\t<div class=\"elementor-column elementor-col-50 elementor-top-column elementor-element elementor-element-b22214b\" data-id=\"b22214b\" data-element_type=\"column\" data-e-type=\"column\" data-settings=\"{&quot;background_background&quot;:&quot;classic&quot;}\">\n\t\t\t<div class=\"elementor-widget-wrap elementor-element-populated\">\n\t\t\t\t\t<div class=\"elementor-background-overlay\"><\/div>\n\t\t\t\t\t\t<section class=\"elementor-section elementor-inner-section elementor-element elementor-element-2ee1ab9 elementor-section-boxed elementor-section-height-default elementor-section-height-default\" data-id=\"2ee1ab9\" data-element_type=\"section\" data-e-type=\"section\" data-settings=\"{&quot;background_background&quot;:&quot;classic&quot;}\">\n\t\t\t\t\t\t<div class=\"elementor-container elementor-column-gap-default\">\n\t\t\t\t\t<div class=\"elementor-column elementor-col-100 elementor-inner-column elementor-element elementor-element-184b3cc\" data-id=\"184b3cc\" data-element_type=\"column\" data-e-type=\"column\" data-settings=\"{&quot;background_background&quot;:&quot;classic&quot;}\">\n\t\t\t<div class=\"elementor-widget-wrap elementor-element-populated\">\n\t\t\t\t\t\t<div class=\"elementor-element elementor-element-f424f84 elementor-widget elementor-widget-spacer\" data-id=\"f424f84\" data-element_type=\"widget\" data-e-type=\"widget\" data-widget_type=\"spacer.default\">\n\t\t\t\t<div class=\"elementor-widget-container\">\n\t\t\t\t\t\t\t<div class=\"elementor-spacer\">\n\t\t\t<div class=\"elementor-spacer-inner\"><\/div>\n\t\t<\/div>\n\t\t\t\t\t\t<\/div>\n\t\t\t\t<\/div>\n\t\t\t\t<div class=\"elementor-element elementor-element-7f09e1d elementor-widget elementor-widget-heading\" data-id=\"7f09e1d\" data-element_type=\"widget\" data-e-type=\"widget\" data-widget_type=\"heading.default\">\n\t\t\t\t<div class=\"elementor-widget-container\">\n\t\t\t\t\t<h2 class=\"elementor-heading-title elementor-size-default\">Our fabrics are made with high tenacity multifilament yarns of Nylon (polyamide) 6.0, 6.6 or polyester. GEOTECH<\/h2>\t\t\t\t<\/div>\n\t\t\t\t<\/div>\n\t\t\t\t<div class=\"elementor-element elementor-element-9a71a34 elementor-widget elementor-widget-text-editor\" data-id=\"9a71a34\" data-element_type=\"widget\" data-e-type=\"widget\" data-widget_type=\"text-editor.default\">\n\t\t\t\t<div class=\"elementor-widget-container\">\n\t\t\t\t\t\t\t\t\t<p><span style=\"font-weight: bold; background-color: #07634d;\">Product Information:<\/span><\/p><p><strong>\u2713<\/strong>\u00a0 The fabrics can be made with plain or twisted yarns, in one or two layers of fabric.<\/p><p><strong>\u2713<\/strong>\u00a0 We manufacture this type of fabrics with a wide range of weights 100 - 800 Gr\/m2.<\/p><p><strong>\u2713<\/strong>\u00a0 We manufacture raw fabrics up to 380 cm - 149 inches wide.<\/p><p><strong>\u2713<\/strong>\u00a0 Our weaving types (weaves): twill, plain weave (1:1 2:1 2:1 2:2 3:1) and Oxford.<\/p><p><strong>\u2713<\/strong>\u00a0 Fabricamos tejidos con otras fibras tales como: nylon y poli\u00e9ster.<\/p><p>\u00a0<\/p>\t\t\t\t\t\t\t\t<\/div>\n\t\t\t\t<\/div>\n\t\t\t\t<div class=\"elementor-element elementor-element-09fac19 elementor-widget elementor-widget-spacer\" data-id=\"09fac19\" data-element_type=\"widget\" data-e-type=\"widget\" data-widget_type=\"spacer.default\">\n\t\t\t\t<div class=\"elementor-widget-container\">\n\t\t\t\t\t\t\t<div class=\"elementor-spacer\">\n\t\t\t<div class=\"elementor-spacer-inner\"><\/div>\n\t\t<\/div>\n\t\t\t\t\t\t<\/div>\n\t\t\t\t<\/div>\n\t\t\t\t\t<\/div>\n\t\t<\/div>\n\t\t\t\t\t<\/div>\n\t\t<\/section>\n\t\t\t\t\t<\/div>\n\t\t<\/div>\n\t\t\t\t<div class=\"elementor-column elementor-col-50 elementor-top-column elementor-element elementor-element-a6cada0\" data-id=\"a6cada0\" data-element_type=\"column\" data-e-type=\"column\" data-settings=\"{&quot;background_background&quot;:&quot;classic&quot;}\">\n\t\t\t<div class=\"elementor-widget-wrap elementor-element-populated\">\n\t\t\t\t\t<div class=\"elementor-background-overlay\"><\/div>\n\t\t\t\t\t\t<div class=\"elementor-element elementor-element-a0fba87 elementor-widget elementor-widget-image\" data-id=\"a0fba87\" data-element_type=\"widget\" data-e-type=\"widget\" data-widget_type=\"image.default\">\n\t\t\t\t<div class=\"elementor-widget-container\">\n\t\t\t\t\t\t\t\t\t\t\t\t\t\t\t<img fetchpriority=\"high\" decoding=\"async\" width=\"730\" height=\"830\" src=\"https:\/\/textilesomnes.com\/wp-content\/uploads\/2023\/04\/Producto-geotextil.jpg\" class=\"attachment-full size-full wp-image-3203\" alt=\"\" srcset=\"https:\/\/textilesomnes.com\/wp-content\/uploads\/2023\/04\/Producto-geotextil.jpg 730w, https:\/\/textilesomnes.com\/wp-content\/uploads\/2023\/04\/Producto-geotextil-264x300.jpg 264w, https:\/\/textilesomnes.com\/wp-content\/uploads\/2023\/04\/Producto-geotextil-11x12.jpg 11w\" sizes=\"(max-width: 730px) 100vw, 730px\" \/>\t\t\t\t\t\t\t\t\t\t\t\t\t\t\t<\/div>\n\t\t\t\t<\/div>\n\t\t\t\t\t<\/div>\n\t\t<\/div>\n\t\t\t\t\t<\/div>\n\t\t<\/section>\n\t\t\t\t<section class=\"elementor-section elementor-top-section elementor-element elementor-element-f954837 elementor-section-full_width elementor-hidden-desktop elementor-hidden-tablet elementor-section-height-default elementor-section-height-default\" data-id=\"f954837\" data-element_type=\"section\" data-e-type=\"section\" id=\"tejidos-geotextil\">\n\t\t\t\t\t\t<div class=\"elementor-container elementor-column-gap-no\">\n\t\t\t\t\t<div class=\"elementor-column elementor-col-50 elementor-top-column elementor-element elementor-element-9507371\" data-id=\"9507371\" data-element_type=\"column\" data-e-type=\"column\" data-settings=\"{&quot;background_background&quot;:&quot;classic&quot;}\">\n\t\t\t<div class=\"elementor-widget-wrap elementor-element-populated\">\n\t\t\t\t\t<div class=\"elementor-background-overlay\"><\/div>\n\t\t\t\t\t\t<div class=\"elementor-element elementor-element-754cc41 elementor-widget elementor-widget-image\" data-id=\"754cc41\" data-element_type=\"widget\" data-e-type=\"widget\" data-widget_type=\"image.default\">\n\t\t\t\t<div class=\"elementor-widget-container\">\n\t\t\t\t\t\t\t\t\t\t\t\t\t\t\t<img fetchpriority=\"high\" decoding=\"async\" width=\"730\" height=\"830\" src=\"https:\/\/textilesomnes.com\/wp-content\/uploads\/2023\/04\/Producto-geotextil.jpg\" class=\"attachment-full size-full wp-image-3203\" alt=\"\" srcset=\"https:\/\/textilesomnes.com\/wp-content\/uploads\/2023\/04\/Producto-geotextil.jpg 730w, https:\/\/textilesomnes.com\/wp-content\/uploads\/2023\/04\/Producto-geotextil-264x300.jpg 264w, https:\/\/textilesomnes.com\/wp-content\/uploads\/2023\/04\/Producto-geotextil-11x12.jpg 11w\" sizes=\"(max-width: 730px) 100vw, 730px\" \/>\t\t\t\t\t\t\t\t\t\t\t\t\t\t\t<\/div>\n\t\t\t\t<\/div>\n\t\t\t\t\t<\/div>\n\t\t<\/div>\n\t\t\t\t<div class=\"elementor-column elementor-col-50 elementor-top-column elementor-element elementor-element-9180a7c\" data-id=\"9180a7c\" data-element_type=\"column\" data-e-type=\"column\" data-settings=\"{&quot;background_background&quot;:&quot;classic&quot;}\">\n\t\t\t<div class=\"elementor-widget-wrap elementor-element-populated\">\n\t\t\t\t\t<div class=\"elementor-background-overlay\"><\/div>\n\t\t\t\t\t\t<section class=\"elementor-section elementor-inner-section elementor-element elementor-element-b7dad3b elementor-section-boxed elementor-section-height-default elementor-section-height-default\" data-id=\"b7dad3b\" data-element_type=\"section\" data-e-type=\"section\" data-settings=\"{&quot;background_background&quot;:&quot;classic&quot;}\">\n\t\t\t\t\t\t<div class=\"elementor-container elementor-column-gap-default\">\n\t\t\t\t\t<div class=\"elementor-column elementor-col-100 elementor-inner-column elementor-element elementor-element-a506790\" data-id=\"a506790\" data-element_type=\"column\" data-e-type=\"column\" data-settings=\"{&quot;background_background&quot;:&quot;classic&quot;}\">\n\t\t\t<div class=\"elementor-widget-wrap elementor-element-populated\">\n\t\t\t\t\t\t<div class=\"elementor-element elementor-element-16d84e0 elementor-widget elementor-widget-spacer\" data-id=\"16d84e0\" data-element_type=\"widget\" data-e-type=\"widget\" data-widget_type=\"spacer.default\">\n\t\t\t\t<div class=\"elementor-widget-container\">\n\t\t\t\t\t\t\t<div class=\"elementor-spacer\">\n\t\t\t<div class=\"elementor-spacer-inner\"><\/div>\n\t\t<\/div>\n\t\t\t\t\t\t<\/div>\n\t\t\t\t<\/div>\n\t\t\t\t<div class=\"elementor-element elementor-element-63302da elementor-widget elementor-widget-heading\" data-id=\"63302da\" data-element_type=\"widget\" data-e-type=\"widget\" data-widget_type=\"heading.default\">\n\t\t\t\t<div class=\"elementor-widget-container\">\n\t\t\t\t\t<h2 class=\"elementor-heading-title elementor-size-default\">Our fabrics are made with high tenacity multifilament yarns of Nylon (polyamide) 6.0, 6.6 or polyester:<\/h2>\t\t\t\t<\/div>\n\t\t\t\t<\/div>\n\t\t\t\t<div class=\"elementor-element elementor-element-f2f9e30 elementor-widget elementor-widget-text-editor\" data-id=\"f2f9e30\" data-element_type=\"widget\" data-e-type=\"widget\" data-widget_type=\"text-editor.default\">\n\t\t\t\t<div class=\"elementor-widget-container\">\n\t\t\t\t\t\t\t\t\t<p><strong>Data sheet:<br \/><br \/><\/strong><\/p><p><strong>\u2713<\/strong>\u00a0 The fabrics can be made with plain or twisted yarns, in one or two layers of fabric.<br \/><br \/><\/p><p><strong>\u2713<\/strong>\u00a0 We manufacture this type of fabrics with a wide range of weights 100 - 800 Gr\/m2.<br \/><br \/><\/p><p><strong>\u2713<\/strong>\u00a0 We manufacture raw fabrics up to 380 cm - 149 inches wide.<br \/><br \/><\/p><p><strong>\u2713<\/strong>\u00a0 We manufacture fabrics with other fibers such as: polypropylene, polyamide or nylon, polyester, fiberglass and cotton.<br \/><br \/><\/p><p><strong>\u2713<\/strong>\u00a0 Our weaving types (weaves): twill, plain weave (1:1 2:1 2:1 2:2 3:1) and Oxford.<br \/><br \/><\/p><p><strong>\u2713<\/strong>\u00a0 We can manufacture fabrics with other types of fibers such as: polypropylene, aramid, fiberglass and cotton.<\/p>\t\t\t\t\t\t\t\t<\/div>\n\t\t\t\t<\/div>\n\t\t\t\t<div class=\"elementor-element elementor-element-edc19ef elementor-widget elementor-widget-spacer\" data-id=\"edc19ef\" data-element_type=\"widget\" data-e-type=\"widget\" data-widget_type=\"spacer.default\">\n\t\t\t\t<div class=\"elementor-widget-container\">\n\t\t\t\t\t\t\t<div class=\"elementor-spacer\">\n\t\t\t<div class=\"elementor-spacer-inner\"><\/div>\n\t\t<\/div>\n\t\t\t\t\t\t<\/div>\n\t\t\t\t<\/div>\n\t\t\t\t\t<\/div>\n\t\t<\/div>\n\t\t\t\t\t<\/div>\n\t\t<\/section>\n\t\t\t\t\t<\/div>\n\t\t<\/div>\n\t\t\t\t\t<\/div>\n\t\t<\/section>\n\t\t\t\t<section class=\"elementor-section elementor-top-section elementor-element elementor-element-3a8edad elementor-section-full_width elementor-section-height-default elementor-section-height-default\" data-id=\"3a8edad\" data-element_type=\"section\" data-e-type=\"section\" data-settings=\"{&quot;background_background&quot;:&quot;classic&quot;}\">\n\t\t\t\t\t\t<div class=\"elementor-container elementor-column-gap-no\">\n\t\t\t\t\t<div class=\"elementor-column elementor-col-100 elementor-top-column elementor-element elementor-element-eab0468\" data-id=\"eab0468\" data-element_type=\"column\" data-e-type=\"column\">\n\t\t\t<div class=\"elementor-widget-wrap elementor-element-populated\">\n\t\t\t\t\t\t<div class=\"elementor-element elementor-element-84edd6a elementor-arrows-position-inside elementor-widget elementor-widget-image-carousel\" data-id=\"84edd6a\" data-element_type=\"widget\" data-e-type=\"widget\" data-settings=\"{&quot;slides_to_show&quot;:&quot;1&quot;,&quot;navigation&quot;:&quot;arrows&quot;,&quot;autoplay&quot;:&quot;yes&quot;,&quot;pause_on_hover&quot;:&quot;yes&quot;,&quot;pause_on_interaction&quot;:&quot;yes&quot;,&quot;autoplay_speed&quot;:5000,&quot;infinite&quot;:&quot;yes&quot;,&quot;effect&quot;:&quot;slide&quot;,&quot;speed&quot;:500}\" data-widget_type=\"image-carousel.default\">\n\t\t\t\t<div class=\"elementor-widget-container\">\n\t\t\t\t\t\t\t<div class=\"elementor-image-carousel-wrapper swiper\" role=\"region\" aria-roledescription=\"carousel\" aria-label=\"Carrusel de im\u00e1genes\" dir=\"ltr\">\n\t\t\t<div class=\"elementor-image-carousel swiper-wrapper\" aria-live=\"off\">\n\t\t\t\t\t\t\t\t<div class=\"swiper-slide\" role=\"group\" aria-roledescription=\"slide\" aria-label=\"1 of 5\" data-no-translation-aria-label=\"\"><figure class=\"swiper-slide-inner\"><img decoding=\"async\" class=\"swiper-slide-image\" src=\"https:\/\/textilesomnes.com\/wp-content\/uploads\/2025\/07\/foto-carrousel-textiles-omnes-6.webp\" alt=\"foto carrousel textiles omnes 6\" loading=\"lazy\" \/><\/figure><\/div><div class=\"swiper-slide\" role=\"group\" aria-roledescription=\"slide\" aria-label=\"2 of 5\" data-no-translation-aria-label=\"\"><figure class=\"swiper-slide-inner\"><img decoding=\"async\" class=\"swiper-slide-image\" src=\"https:\/\/textilesomnes.com\/wp-content\/uploads\/2025\/07\/foto-carrousel-textiles-omnes-13.webp\" alt=\"foto carrousel textiles omnes 13\" loading=\"lazy\" \/><\/figure><\/div><div class=\"swiper-slide\" role=\"group\" aria-roledescription=\"slide\" aria-label=\"3 of 5\" data-no-translation-aria-label=\"\"><figure class=\"swiper-slide-inner\"><img decoding=\"async\" class=\"swiper-slide-image\" src=\"https:\/\/textilesomnes.com\/wp-content\/uploads\/2025\/07\/foto-carrousel-textiles-omnes-2.webp\" alt=\"foto carrousel textiles omnes 2\" loading=\"lazy\" \/><\/figure><\/div><div class=\"swiper-slide\" role=\"group\" aria-roledescription=\"slide\" aria-label=\"4 of 5\" data-no-translation-aria-label=\"\"><figure class=\"swiper-slide-inner\"><img decoding=\"async\" class=\"swiper-slide-image\" src=\"https:\/\/textilesomnes.com\/wp-content\/uploads\/2025\/07\/foto-carrousel-textiles-omnes-10.webp\" alt=\"foto carrousel textiles omnes 10\" loading=\"lazy\" \/><\/figure><\/div><div class=\"swiper-slide\" role=\"group\" aria-roledescription=\"slide\" aria-label=\"5 of 5\" data-no-translation-aria-label=\"\"><figure class=\"swiper-slide-inner\"><img decoding=\"async\" class=\"swiper-slide-image\" src=\"https:\/\/textilesomnes.com\/wp-content\/uploads\/2025\/07\/foto-carrousel-textiles-omnes-20.webp\" alt=\"foto carrousel textiles omnes 20\" loading=\"lazy\" \/><\/figure><\/div>\t\t\t<\/div>\n\t\t\t\t\t\t\t\t\t\t\t\t<div class=\"elementor-swiper-button elementor-swiper-button-prev\" role=\"button\" tabindex=\"0\">\n\t\t\t\t\t\t<svg xmlns=\"http:\/\/www.w3.org\/2000\/svg\" xmlns:xlink=\"http:\/\/www.w3.org\/1999\/xlink\" id=\"Capa_1\" x=\"0px\" y=\"0px\" width=\"76px\" height=\"76px\" viewbox=\"0 0 76 76\" xml:space=\"preserve\"><g id=\"Grupo_3064\" transform=\"translate(-850.357 1062.357) rotate(-90)\">\t<g id=\"Elipse_2\" transform=\"translate(1062.357 850.357) rotate(90)\">\t\t<circle fill=\"none\" cx=\"38\" cy=\"38\" r=\"38\"><\/circle>\t\t<circle fill=\"none\" stroke=\"#FFFFFF\" cx=\"38\" cy=\"38\" r=\"37.5\"><\/circle>\t<\/g>\t<path id=\"Trazado_8\" fill=\"#FFFFFF\" d=\"M1007.768,889.257l1.435,1.433l14.131-14.132v26.8h2.049v-26.8l14.131,14.132l1.434-1.433  l-16.59-16.59L1007.768,889.257z\"><\/path><\/g><\/svg>\t\t\t\t\t<\/div>\n\t\t\t\t\t<div class=\"elementor-swiper-button elementor-swiper-button-next\" role=\"button\" tabindex=\"0\">\n\t\t\t\t\t\t<svg xmlns=\"http:\/\/www.w3.org\/2000\/svg\" width=\"76\" height=\"76\" viewbox=\"0 0 76 76\"><g id=\"Grupo_3064\" data-name=\"Grupo 3064\" transform=\"translate(-850.357 1062.357) rotate(-90)\"><g id=\"Elipse_2\" data-name=\"Elipse 2\" transform=\"translate(1062.357 850.357) rotate(90)\" fill=\"none\" stroke=\"#fff\" stroke-width=\"1\"><circle cx=\"38\" cy=\"38\" r=\"38\" stroke=\"none\"><\/circle><circle cx=\"38\" cy=\"38\" r=\"37.5\" fill=\"none\"><\/circle><\/g><path id=\"Trazado_8\" data-name=\"Trazado 8\" d=\"M14.1,0,12.668,1.434,26.8,15.565H0v2.049H26.8L12.668,31.745,14.1,33.179l16.59-16.59Z\" transform=\"translate(1040.946 873.356) rotate(90)\" fill=\"#fff\"><\/path><\/g><\/svg>\t\t\t\t\t<\/div>\n\t\t\t\t\n\t\t\t\t\t\t\t\t\t<\/div>\n\t\t\t\t\t\t<\/div>\n\t\t\t\t<\/div>\n\t\t\t\t\t<\/div>\n\t\t<\/div>\n\t\t\t\t\t<\/div>\n\t\t<\/section>\n\t\t\t\t<\/div>","protected":false},"excerpt":{"rendered":"<p>Tejidos Geotextil .. Inicio &gt; Productos &gt; Tejidos geotextil Nuestros tejidos est\u00e1n fabricados con hilos multifilamento de alta tenacidad de Nylon (poliamida) 6.0, 6.6 o poli\u00e9ster. GEOTECH Informaci\u00f3n del producto: \u2713\u00a0 Los tejidos pueden estar elaborados con hilos lisos o retorcidos, en una o dos capas de tejido. \u2713\u00a0 Fabricamos este tipo de tejidos con [&hellip;]<\/p>\n","protected":false},"author":4,"featured_media":0,"parent":510,"menu_order":0,"comment_status":"closed","ping_status":"closed","template":"","meta":{"content-type":"","_monsterinsights_skip_tracking":false,"_monsterinsights_sitenote_active":false,"_monsterinsights_sitenote_note":"","_monsterinsights_sitenote_category":0,"site-sidebar-layout":"no-sidebar","site-content-layout":"page-builder","ast-site-content-layout":"full-width-container","site-content-style":"unboxed","site-sidebar-style":"unboxed","ast-global-header-display":"","ast-banner-title-visibility":"","ast-main-header-display":"","ast-hfb-above-header-display":"","ast-hfb-below-header-display":"","ast-hfb-mobile-header-display":"","site-post-title":"","ast-breadcrumbs-content":"","ast-featured-img":"","footer-sml-layout":"","ast-disable-related-posts":"","theme-transparent-header-meta":"disabled","adv-header-id-meta":"","stick-header-meta":"","header-above-stick-meta":"","header-main-stick-meta":"","header-below-stick-meta":"","astra-migrate-meta-layouts":"set","ast-page-background-enabled":"default","ast-page-background-meta":{"desktop":{"background-color":"var(--ast-global-color-4)","background-image":"","background-repeat":"repeat","background-position":"center center","background-size":"auto","background-attachment":"scroll","background-type":"","background-media":"","overlay-type":"","overlay-color":"","overlay-opacity":"","overlay-gradient":""},"tablet":{"background-color":"","background-image":"","background-repeat":"repeat","background-position":"center center","background-size":"auto","background-attachment":"scroll","background-type":"","background-media":"","overlay-type":"","overlay-color":"","overlay-opacity":"","overlay-gradient":""},"mobile":{"background-color":"","background-image":"","background-repeat":"repeat","background-position":"center center","background-size":"auto","background-attachment":"scroll","background-type":"","background-media":"","overlay-type":"","overlay-color":"","overlay-opacity":"","overlay-gradient":""}},"ast-content-background-meta":{"desktop":{"background-color":"var(--ast-global-color-5)","background-image":"","background-repeat":"repeat","background-position":"center center","background-size":"auto","background-attachment":"scroll","background-type":"","background-media":"","overlay-type":"","overlay-color":"","overlay-opacity":"","overlay-gradient":""},"tablet":{"background-color":"var(--ast-global-color-5)","background-image":"","background-repeat":"repeat","background-position":"center center","background-size":"auto","background-attachment":"scroll","background-type":"","background-media":"","overlay-type":"","overlay-color":"","overlay-opacity":"","overlay-gradient":""},"mobile":{"background-color":"var(--ast-global-color-5)","background-image":"","background-repeat":"repeat","background-position":"center center","background-size":"auto","background-attachment":"scroll","background-type":"","background-media":"","overlay-type":"","overlay-color":"","overlay-opacity":"","overlay-gradient":""}},"footnotes":""},"class_list":["post-520","page","type-page","status-publish","hentry"],"_links":{"self":[{"href":"https:\/\/textilesomnes.com\/en\/wp-json\/wp\/v2\/pages\/520","targetHints":{"allow":["GET"]}}],"collection":[{"href":"https:\/\/textilesomnes.com\/en\/wp-json\/wp\/v2\/pages"}],"about":[{"href":"https:\/\/textilesomnes.com\/en\/wp-json\/wp\/v2\/types\/page"}],"author":[{"embeddable":true,"href":"https:\/\/textilesomnes.com\/en\/wp-json\/wp\/v2\/users\/4"}],"replies":[{"embeddable":true,"href":"https:\/\/textilesomnes.com\/en\/wp-json\/wp\/v2\/comments?post=520"}],"version-history":[{"count":0,"href":"https:\/\/textilesomnes.com\/en\/wp-json\/wp\/v2\/pages\/520\/revisions"}],"up":[{"embeddable":true,"href":"https:\/\/textilesomnes.com\/en\/wp-json\/wp\/v2\/pages\/510"}],"wp:attachment":[{"href":"https:\/\/textilesomnes.com\/en\/wp-json\/wp\/v2\/media?parent=520"}],"curies":[{"name":"wp","href":"https:\/\/api.w.org\/{rel}","templated":true}]}}